{"id":108967,"date":"2024-09-24T10:13:13","date_gmt":"2024-09-24T08:13:13","guid":{"rendered":"https:\/\/poloniaoberoesterreich.com\/wp\/?page_id=108967"},"modified":"2024-10-09T10:58:37","modified_gmt":"2024-10-09T08:58:37","slug":"band-kindren-oberek","status":"publish","type":"page","link":"https:\/\/poloniaoberoesterreich.com\/de\/band-kindren-oberek\/","title":{"rendered":"Kinderensemble \"Oberek\""},"content":{"rendered":"<div data-elementor-type=\"wp-page\" data-elementor-id=\"108967\" class=\"elementor elementor-108967\" data-elementor-post-type=\"page\">\n\t\t\t\t\t\t<section class=\"elementor-section elementor-top-section elementor-element elementor-element-472e5beb elementor-section-boxed elementor-section-height-default elementor-section-height-default\" data-id=\"472e5beb\" data-element_type=\"section\">\n\t\t\t\t\t\t<div class=\"elementor-container elementor-column-gap-default\">\n\t\t\t\t\t<div class=\"elementor-column elementor-col-100 elementor-top-column elementor-element elementor-element-d1d5743\" data-id=\"d1d5743\" data-element_type=\"column\" data-settings=\"{&quot;background_background&quot;:&quot;classic&quot;}\">\n\t\t\t<div class=\"elementor-widget-wrap elementor-element-populated\">\n\t\t\t\t\t\t<div class=\"elementor-element elementor-element-82d57d4 elementor-widget elementor-widget-heading\" data-id=\"82d57d4\" data-element_type=\"widget\" data-widget_type=\"heading.default\">\n\t\t\t\t\t<h1 class=\"elementor-heading-title elementor-size-default\">Kinderensemble \"OBEREK\"<\/h1>\t\t\t\t<\/div>\n\t\t\t\t\t<\/div>\n\t\t<\/div>\n\t\t\t\t\t<\/div>\n\t\t<\/section>\n\t\t\t\t<section class=\"elementor-section elementor-top-section elementor-element elementor-element-bd53be1 elementor-section-boxed elementor-section-height-default elementor-section-height-default\" data-id=\"bd53be1\" data-element_type=\"section\">\n\t\t\t\t\t\t<div class=\"elementor-container elementor-column-gap-default\">\n\t\t\t\t\t<div class=\"elementor-column elementor-col-100 elementor-top-column elementor-element elementor-element-7beb36a\" data-id=\"7beb36a\" data-element_type=\"column\" data-settings=\"{&quot;background_background&quot;:&quot;classic&quot;}\">\n\t\t\t<div class=\"elementor-widget-wrap elementor-element-populated\">\n\t\t\t\t\t\t<section class=\"elementor-section elementor-inner-section elementor-element elementor-element-118e55a elementor-section-boxed elementor-section-height-default elementor-section-height-default\" data-id=\"118e55a\" data-element_type=\"section\">\n\t\t\t\t\t\t<div class=\"elementor-container elementor-column-gap-default\">\n\t\t\t\t\t<div class=\"elementor-column elementor-col-100 elementor-inner-column elementor-element elementor-element-ad2fd92\" data-id=\"ad2fd92\" data-element_type=\"column\">\n\t\t\t<div class=\"elementor-widget-wrap elementor-element-populated\">\n\t\t\t\t\t\t<div class=\"elementor-element elementor-element-e2c8b94 elementor-widget elementor-widget-heading\" data-id=\"e2c8b94\" data-element_type=\"widget\" data-widget_type=\"heading.default\">\n\t\t\t\t\t<h2 class=\"elementor-heading-title elementor-size-default\">KINDERENSEMBLE \"OBEREK\" 2009-2019<\/h2>\t\t\t\t<\/div>\n\t\t\t\t<div class=\"elementor-element elementor-element-b0c3c47 elementor-widget elementor-widget-image\" data-id=\"b0c3c47\" data-element_type=\"widget\" data-widget_type=\"image.default\">\n\t\t\t\t\t\t\t\t\t\t\t\t\t\t\t<img fetchpriority=\"high\" decoding=\"async\" width=\"900\" height=\"438\" src=\"https:\/\/poloniaoberoesterreich.com\/wp-content\/uploads\/2024\/09\/Kindertanzgruppe-Oberek-Gemeinschaft-der-Polen-in-OO.jpg\" class=\"attachment-large size-large wp-image-108970\" alt=\"kindertanzgruppe oberek gemeinschaft der polen in oo\" srcset=\"https:\/\/poloniaoberoesterreich.com\/wp-content\/uploads\/2024\/09\/Kindertanzgruppe-Oberek-Gemeinschaft-der-Polen-in-OO.jpg 1024w, https:\/\/poloniaoberoesterreich.com\/wp-content\/uploads\/2024\/09\/Kindertanzgruppe-Oberek-Gemeinschaft-der-Polen-in-OO-300x146.jpg 300w, https:\/\/poloniaoberoesterreich.com\/wp-content\/uploads\/2024\/09\/Kindertanzgruppe-Oberek-Gemeinschaft-der-Polen-in-OO-768x374.jpg 768w, https:\/\/poloniaoberoesterreich.com\/wp-content\/uploads\/2024\/09\/Kindertanzgruppe-Oberek-Gemeinschaft-der-Polen-in-OO-18x9.jpg 18w\" sizes=\"(max-width: 900px) 100vw, 900px\" \/>\t\t\t\t\t\t\t\t\t\t\t\t\t\t\t<\/div>\n\t\t\t\t<div class=\"elementor-element elementor-element-949dce2 elementor-widget elementor-widget-heading\" data-id=\"949dce2\" data-element_type=\"widget\" data-widget_type=\"heading.default\">\n\t\t\t\t\t<h3 class=\"elementor-heading-title elementor-size-default\">Das Kinderensemble \"OBEREK\" wurde im Januar 2009 in der Gemeinschaft der Polen in Ober\u00f6sterreich gegr\u00fcndet und war 10 Jahre lang bis 2019 aktiv<\/h3>\t\t\t\t<\/div>\n\t\t\t\t<div class=\"elementor-element elementor-element-4438d44 elementor-widget elementor-widget-text-editor\" data-id=\"4438d44\" data-element_type=\"widget\" data-widget_type=\"text-editor.default\">\n\t\t\t\t\t\t\t\t\t<h3><a href=\"https:\/\/poloniaoberoesterreich.com\/de\/fotogallerie\/2010-fotogalerie\/nggallery\/album\/kinderoberekband\/\"><strong>Fotos der Kindertanzgruppe \u201eOberek\u201c - klicken Sie hier<\/strong><\/a><\/h3>\t\t\t\t\t\t\t\t<\/div>\n\t\t\t\t\t<\/div>\n\t\t<\/div>\n\t\t\t\t\t<\/div>\n\t\t<\/section>\n\t\t\t\t\t<\/div>\n\t\t<\/div>\n\t\t\t\t\t<\/div>\n\t\t<\/section>\n\t\t\t\t<section class=\"elementor-section elementor-top-section elementor-element elementor-element-7504d3f elementor-section-boxed elementor-section-height-default elementor-section-height-default\" data-id=\"7504d3f\" data-element_type=\"section\">\n\t\t\t\t\t\t<div class=\"elementor-container elementor-column-gap-default\">\n\t\t\t\t\t<div class=\"elementor-column elementor-col-100 elementor-top-column elementor-element elementor-element-eed33b4\" data-id=\"eed33b4\" data-element_type=\"column\" data-settings=\"{&quot;background_background&quot;:&quot;classic&quot;}\">\n\t\t\t<div class=\"elementor-widget-wrap elementor-element-populated\">\n\t\t\t\t\t\t<section class=\"elementor-section elementor-inner-section elementor-element elementor-element-4aaa4ee elementor-section-boxed elementor-section-height-default elementor-section-height-default\" data-id=\"4aaa4ee\" data-element_type=\"section\">\n\t\t\t\t\t\t<div class=\"elementor-container elementor-column-gap-default\">\n\t\t\t\t\t<div class=\"elementor-column elementor-col-100 elementor-inner-column elementor-element elementor-element-d7bd93d\" data-id=\"d7bd93d\" data-element_type=\"column\">\n\t\t\t<div class=\"elementor-widget-wrap elementor-element-populated\">\n\t\t\t\t\t\t<div class=\"elementor-element elementor-element-cf565ad elementor-widget elementor-widget-text-editor\" data-id=\"cf565ad\" data-element_type=\"widget\" data-widget_type=\"text-editor.default\">\n\t\t\t\t\t\t\t\t\t<ol><li><strong>Das Ziel der Pr\u00e4misse war:<\/strong><ul><li>Pflege der polnischen Traditionen, Kultur und Muttersprache<\/li><li>Erlernen und Lehren polnischer Volkst\u00e4nze, Lieder und Gedichte<\/li><li>die polnischen Veranstaltungen mit Auftritten der Band zu bereichern<\/li><\/ul><\/li><li><strong>Das Programm umfasste<\/strong>:<ul><li>Volkst\u00e4nze:\u00a0<strong>krakowiak<\/strong>,\u00a0<strong>Polonaise<\/strong>,\u00a0<strong>oberek<\/strong>\u00a0und\u00a0<strong>modern<\/strong><\/li><li>Kindern zu erm\u00f6glichen, die polnische Sprache spielerisch zu erlernen<\/li><li>gemeinsame Kontakte zwischen Kindern und Jugendlichen<\/li><li>Aufbau und Pflege von Beziehungen zu Polen und \u00d6sterreich<\/li><li>einen Geist des Patriotismus f\u00fcr das Vaterland zu f\u00f6rdern<\/li><\/ul><\/li><li>Seit seiner Gr\u00fcndung wurde das Team von folgenden Personen geleitet:<ul><li><strong>Zofia Petryka, M.A., WSM W-wie<\/strong><\/li><li><strong>Anna Majder, MA<\/strong>\u00a0(bis September 2011)<\/li><li><strong>Olga Swietlicka, MA<\/strong>\u00a0(ehemalige T\u00e4nzerin des Ensembles \"Mazowsze\")<\/li><li><strong>Jolanta D\u0119bicka, MA<\/strong><\/li><li><strong>Dorota Porta\u0142a<\/strong><\/li><\/ul><\/li><li>Die Gruppe probte alle 2 Wochen f\u00fcr 2 Stunden in einem vom Linzer Rathaus angemieteten Raum - Volkshaus Kleinm\u00fcnchen<\/li><\/ol>\t\t\t\t\t\t\t\t<\/div>\n\t\t\t\t<div class=\"elementor-element elementor-element-698942b elementor-widget elementor-widget-gallery\" data-id=\"698942b\" data-element_type=\"widget\" data-settings=\"{&quot;columns&quot;:5,&quot;lazyload&quot;:&quot;yes&quot;,&quot;gallery_layout&quot;:&quot;grid&quot;,&quot;columns_tablet&quot;:2,&quot;columns_mobile&quot;:1,&quot;gap&quot;:{&quot;unit&quot;:&quot;px&quot;,&quot;size&quot;:10,&quot;sizes&quot;:[]},&quot;gap_tablet&quot;:{&quot;unit&quot;:&quot;px&quot;,&quot;size&quot;:10,&quot;sizes&quot;:[]},&quot;gap_mobile&quot;:{&quot;unit&quot;:&quot;px&quot;,&quot;size&quot;:10,&quot;sizes&quot;:[]},&quot;link_to&quot;:&quot;file&quot;,&quot;aspect_ratio&quot;:&quot;3:2&quot;,&quot;overlay_background&quot;:&quot;yes&quot;,&quot;content_hover_animation&quot;:&quot;fade-in&quot;}\" data-widget_type=\"gallery.default\">\n\t\t\t\t\t\t\t<div class=\"elementor-gallery__container\">\n\t\t\t\t\t\t\t<a class=\"e-gallery-item elementor-gallery-item elementor-animated-content\" href=\"https:\/\/poloniaoberoesterreich.com\/wp-content\/uploads\/2024\/09\/2010-Zlot-Polonijny-w-Gornej-Austrii-Zofia-Petryka.jpg\">\n\t\t\t\t\t<div class=\"e-gallery-image elementor-gallery-item__image\" data-thumbnail=\"https:\/\/poloniaoberoesterreich.com\/wp-content\/uploads\/2024\/09\/2010-Zlot-Polonijny-w-Gornej-Austrii-Zofia-Petryka-300x199.jpg\" data-width=\"300\" data-height=\"199\" aria-label=\"2010 polonia rallye in ober\u00f6sterreich zofia petryka\" role=\"img\" ><\/div>\n\t\t\t\t\t\t\t\t\t\t\t<div class=\"elementor-gallery-item__overlay\"><\/div>\n\t\t\t\t\t\t\t\t\t\t\t\t\t\t<\/a>\n\t\t\t\t\t\t\t<a class=\"e-gallery-item elementor-gallery-item elementor-animated-content\" href=\"https:\/\/poloniaoberoesterreich.com\/wp-content\/uploads\/2024\/09\/2011-Dzien-Matki.jpg\">\n\t\t\t\t\t<div class=\"e-gallery-image elementor-gallery-item__image\" data-thumbnail=\"https:\/\/poloniaoberoesterreich.com\/wp-content\/uploads\/2024\/09\/2011-Dzien-Matki-300x199.jpg\" data-width=\"300\" data-height=\"199\" aria-label=\"2011 Muttertag\" role=\"img\" ><\/div>\n\t\t\t\t\t\t\t\t\t\t\t<div class=\"elementor-gallery-item__overlay\"><\/div>\n\t\t\t\t\t\t\t\t\t\t\t\t\t\t<\/a>\n\t\t\t\t\t\t\t<a class=\"e-gallery-item elementor-gallery-item elementor-animated-content\" href=\"https:\/\/poloniaoberoesterreich.com\/wp-content\/uploads\/2024\/09\/2011-Swieto-Integracyjne-Dzieci-Zofia-Petryka-i-Anna-Majder.jpg\">\n\t\t\t\t\t<div class=\"e-gallery-image elementor-gallery-item__image\" data-thumbnail=\"https:\/\/poloniaoberoesterreich.com\/wp-content\/uploads\/2024\/09\/2011-Swieto-Integracyjne-Dzieci-Zofia-Petryka-i-Anna-Majder-300x199.jpg\" data-width=\"300\" data-height=\"199\" aria-label=\"kinderintegrationsfestival 2011 zofia petryka und anna majder\" role=\"img\" ><\/div>\n\t\t\t\t\t\t\t\t\t\t\t<div class=\"elementor-gallery-item__overlay\"><\/div>\n\t\t\t\t\t\t\t\t\t\t\t\t\t\t<\/a>\n\t\t\t\t\t\t\t<a class=\"e-gallery-item elementor-gallery-item elementor-animated-content\" href=\"https:\/\/poloniaoberoesterreich.com\/wp-content\/uploads\/2024\/09\/2012-Zlot-Polonijny-w-Gornej-Austrii.jpg\">\n\t\t\t\t\t<div class=\"e-gallery-image elementor-gallery-item__image\" data-thumbnail=\"https:\/\/poloniaoberoesterreich.com\/wp-content\/uploads\/2024\/09\/2012-Zlot-Polonijny-w-Gornej-Austrii-300x200.jpg\" data-width=\"300\" data-height=\"200\" aria-label=\"polonia rallye 2012 in ober\u00f6sterreich\" role=\"img\" ><\/div>\n\t\t\t\t\t\t\t\t\t\t\t<div class=\"elementor-gallery-item__overlay\"><\/div>\n\t\t\t\t\t\t\t\t\t\t\t\t\t\t<\/a>\n\t\t\t\t\t\t\t<a class=\"e-gallery-item elementor-gallery-item elementor-animated-content\" href=\"https:\/\/poloniaoberoesterreich.com\/wp-content\/uploads\/2024\/09\/2013-Festyn-uliczny-na-Wienerstrasse.jpg\">\n\t\t\t\t\t<div class=\"e-gallery-image elementor-gallery-item__image\" data-thumbnail=\"https:\/\/poloniaoberoesterreich.com\/wp-content\/uploads\/2024\/09\/2013-Festyn-uliczny-na-Wienerstrasse-300x225.jpg\" data-width=\"300\" data-height=\"225\" aria-label=\"Stra\u00dfenfest 2013 in der Wienerstra\u00dfe\" role=\"img\" ><\/div>\n\t\t\t\t\t\t\t\t\t\t\t<div class=\"elementor-gallery-item__overlay\"><\/div>\n\t\t\t\t\t\t\t\t\t\t\t\t\t\t<\/a>\n\t\t\t\t\t\t\t<a class=\"e-gallery-item elementor-gallery-item elementor-animated-content\" href=\"https:\/\/poloniaoberoesterreich.com\/wp-content\/uploads\/2024\/09\/2014-Jaselka.jpg\">\n\t\t\t\t\t<div class=\"e-gallery-image elementor-gallery-item__image\" data-thumbnail=\"https:\/\/poloniaoberoesterreich.com\/wp-content\/uploads\/2024\/09\/2014-Jaselka-300x225.jpg\" data-width=\"300\" data-height=\"225\" aria-label=\"2014 Krippenspiel\" role=\"img\" ><\/div>\n\t\t\t\t\t\t\t\t\t\t\t<div class=\"elementor-gallery-item__overlay\"><\/div>\n\t\t\t\t\t\t\t\t\t\t\t\t\t\t<\/a>\n\t\t\t\t\t\t\t<a class=\"e-gallery-item elementor-gallery-item elementor-animated-content\" href=\"https:\/\/poloniaoberoesterreich.com\/wp-content\/uploads\/2024\/09\/2016-2010-Zlot-Polonijny-w-Gornej-Austrii-Anna-Majder.jpg\">\n\t\t\t\t\t<div class=\"e-gallery-image elementor-gallery-item__image\" data-thumbnail=\"https:\/\/poloniaoberoesterreich.com\/wp-content\/uploads\/2024\/09\/2016-2010-Zlot-Polonijny-w-Gornej-Austrii-Anna-Majder-300x200.jpg\" data-width=\"300\" data-height=\"200\" aria-label=\"2016 2010 polonia rallye in ober\u00f6sterreich anna majder\" role=\"img\" ><\/div>\n\t\t\t\t\t\t\t\t\t\t\t<div class=\"elementor-gallery-item__overlay\"><\/div>\n\t\t\t\t\t\t\t\t\t\t\t\t\t\t<\/a>\n\t\t\t\t\t\t\t<a class=\"e-gallery-item elementor-gallery-item elementor-animated-content\" href=\"https:\/\/poloniaoberoesterreich.com\/wp-content\/uploads\/2024\/09\/2016-Dzien-Jezykow-w-Linzu-Polska-Restauracja-Goscinna-Chata-i-wystep-Zespolu-Dzieciecego-Oberek.jpg\">\n\t\t\t\t\t<div class=\"e-gallery-image elementor-gallery-item__image\" data-thumbnail=\"https:\/\/poloniaoberoesterreich.com\/wp-content\/uploads\/2024\/09\/2016-Dzien-Jezykow-w-Linzu-Polska-Restauracja-Goscinna-Chata-i-wystep-Zespolu-Dzieciecego-Oberek-300x200.jpg\" data-width=\"300\" data-height=\"200\" aria-label=\"2016 tag der sprachen in linz polen goscinna chata restaurant und oberek kinderensemble auftritt\" role=\"img\" ><\/div>\n\t\t\t\t\t\t\t\t\t\t\t<div class=\"elementor-gallery-item__overlay\"><\/div>\n\t\t\t\t\t\t\t\t\t\t\t\t\t\t<\/a>\n\t\t\t\t\t\t\t<a class=\"e-gallery-item elementor-gallery-item elementor-animated-content\" href=\"https:\/\/poloniaoberoesterreich.com\/wp-content\/uploads\/2024\/09\/2018-X-Zlot-Polonijny-w-Gornej-Austrii-Zespol-Dzieciecy-Oberek-piosenka.jpg\">\n\t\t\t\t\t<div class=\"e-gallery-image elementor-gallery-item__image\" data-thumbnail=\"https:\/\/poloniaoberoesterreich.com\/wp-content\/uploads\/2024\/09\/2018-X-Zlot-Polonijny-w-Gornej-Austrii-Zespol-Dzieciecy-Oberek-piosenka-300x200.jpg\" data-width=\"300\" data-height=\"200\" aria-label=\"2018 x polonia rallye in ober\u00f6sterreich kinderensemble oberek song\" role=\"img\" ><\/div>\n\t\t\t\t\t\t\t\t\t\t\t<div class=\"elementor-gallery-item__overlay\"><\/div>\n\t\t\t\t\t\t\t\t\t\t\t\t\t\t<\/a>\n\t\t\t\t\t\t\t<a class=\"e-gallery-item elementor-gallery-item elementor-animated-content\" href=\"https:\/\/poloniaoberoesterreich.com\/wp-content\/uploads\/2024\/09\/2018-X-Zlot-Polonijny-w-Gornej-Austrii-Zespol-Dzieciecy-Oberek-taniec.jpg\">\n\t\t\t\t\t<div class=\"e-gallery-image elementor-gallery-item__image\" data-thumbnail=\"https:\/\/poloniaoberoesterreich.com\/wp-content\/uploads\/2024\/09\/2018-X-Zlot-Polonijny-w-Gornej-Austrii-Zespol-Dzieciecy-Oberek-taniec-300x199.jpg\" data-width=\"300\" data-height=\"199\" aria-label=\"2018 x polnische rallye in ober\u00f6sterreich kinderensemble oberek dance\" role=\"img\" ><\/div>\n\t\t\t\t\t\t\t\t\t\t\t<div class=\"elementor-gallery-item__overlay\"><\/div>\n\t\t\t\t\t\t\t\t\t\t\t\t\t\t<\/a>\n\t\t\t\t\t<\/div>\n\t\t\t\t\t<\/div>\n\t\t\t\t\t<\/div>\n\t\t<\/div>\n\t\t\t\t\t<\/div>\n\t\t<\/section>\n\t\t\t\t\t<\/div>\n\t\t<\/div>\n\t\t\t\t\t<\/div>\n\t\t<\/section>\n\t\t\t\t<section class=\"elementor-section elementor-top-section elementor-element elementor-element-34bdaae elementor-section-boxed elementor-section-height-default elementor-section-height-default\" data-id=\"34bdaae\" data-element_type=\"section\">\n\t\t\t\t\t\t<div class=\"elementor-container elementor-column-gap-default\">\n\t\t\t\t\t<div class=\"elementor-column elementor-col-100 elementor-top-column elementor-element elementor-element-fea58c7\" data-id=\"fea58c7\" data-element_type=\"column\" data-settings=\"{&quot;background_background&quot;:&quot;classic&quot;}\">\n\t\t\t<div class=\"elementor-widget-wrap elementor-element-populated\">\n\t\t\t\t\t\t<div class=\"elementor-element elementor-element-9872004 elementor-widget elementor-widget-heading\" data-id=\"9872004\" data-element_type=\"widget\" data-widget_type=\"heading.default\">\n\t\t\t\t\t<h2 class=\"elementor-heading-title elementor-size-default\">Fotos der Kindergruppe \"Oberek\"<\/h2>\t\t\t\t<\/div>\n\t\t\t\t<div class=\"elementor-element elementor-element-8a0bc70 elementor-widget elementor-widget-shortcode\" data-id=\"8a0bc70\" data-element_type=\"widget\" data-widget_type=\"shortcode.default\">\n\t\t\t\t\t\t\t<div class=\"elementor-shortcode\">ngg_shortcode_0_platzhalter<\/div>\n\t\t\t\t\t\t<\/div>\n\t\t\t\t\t<\/div>\n\t\t<\/div>\n\t\t\t\t\t<\/div>\n\t\t<\/section>\n\t\t\t\t<\/div>","protected":false},"excerpt":{"rendered":"<p>Zesp\u00f3\u0142 Dzieci\u0119cy \u201eOBEREK\u201d ZESP\u00d3\u0141 DZIECI\u0118CY \u201eOBEREK\u201d 2009-2019 Zesp\u00f3\u0142 Dzieci\u0119cy \u201eOBEREK\u201d za\u0142o\u017cony w styczniu 2009 roku przy Wsp\u00f3lnocie Polak\u00f3w w G\u00f3rnej Austrii i prowadzi\u0142 swoj\u0105 dzia\u0142alno\u015b\u0107 przez 10 lat do 2019 roku Galeria zdj\u0119\u0107 Zespo\u0142u Dzieci\u0119cego \u201eOberek\u201d \u2013 tutaj naci\u015bnij Celem za\u0142o\u017cenia by\u0142o: piel\u0119gnowanie polskiej tradycji, kultury i mowy ojczystej poznawanie i nauk\u0119 polskich ta\u0144c\u00f3w ludowych, &#8230; <a title=\"Kinderensemble &quot;Oberek&quot;\" class=\"read-more\" href=\"https:\/\/poloniaoberoesterreich.com\/de\/band-kindren-oberek\/\" aria-label=\"Read more about Zesp\u00f3\u0142\u00a0 Dzieci\u0119cy \u201eOberek\u201d\">Mehr lesen<\/a><\/p>","protected":false},"author":1,"featured_media":0,"parent":0,"menu_order":0,"comment_status":"closed","ping_status":"closed","template":"elementor_header_footer","meta":{"_seopress_robots_primary_cat":"","_seopress_titles_title":"","_seopress_titles_desc":"","_seopress_robots_index":"","ngg_post_thumbnail":0,"footnotes":""},"class_list":["post-108967","page","type-page","status-publish"],"_links":{"self":[{"href":"https:\/\/poloniaoberoesterreich.com\/de\/wp-json\/wp\/v2\/pages\/108967","targetHints":{"allow":["GET"]}}],"collection":[{"href":"https:\/\/poloniaoberoesterreich.com\/de\/wp-json\/wp\/v2\/pages"}],"about":[{"href":"https:\/\/poloniaoberoesterreich.com\/de\/wp-json\/wp\/v2\/types\/page"}],"author":[{"embeddable":true,"href":"https:\/\/poloniaoberoesterreich.com\/de\/wp-json\/wp\/v2\/users\/1"}],"replies":[{"embeddable":true,"href":"https:\/\/poloniaoberoesterreich.com\/de\/wp-json\/wp\/v2\/comments?post=108967"}],"version-history":[{"count":0,"href":"https:\/\/poloniaoberoesterreich.com\/de\/wp-json\/wp\/v2\/pages\/108967\/revisions"}],"wp:attachment":[{"href":"https:\/\/poloniaoberoesterreich.com\/de\/wp-json\/wp\/v2\/media?parent=108967"}],"curies":[{"name":"wp","href":"https:\/\/api.w.org\/{rel}","templated":true}]}}