{"id":22078,"date":"2022-07-29T10:59:10","date_gmt":"2022-07-29T08:59:10","guid":{"rendered":"https:\/\/poloniaoberoesterreich.com\/?page_id=22078"},"modified":"2025-12-13T18:25:17","modified_gmt":"2025-12-13T17:25:17","slug":"redaktionen","status":"publish","type":"page","link":"https:\/\/poloniaoberoesterreich.com\/de\/redaktionen\/","title":{"rendered":"Redaktionen PRwGA"},"content":{"rendered":"<div data-elementor-type=\"wp-page\" data-elementor-id=\"22078\" class=\"elementor elementor-22078\" data-elementor-post-type=\"page\">\n\t\t\t\t\t\t<section class=\"elementor-section elementor-top-section elementor-element elementor-element-472e5beb elementor-section-boxed elementor-section-height-default elementor-section-height-default\" data-id=\"472e5beb\" data-element_type=\"section\">\n\t\t\t\t\t\t<div class=\"elementor-container elementor-column-gap-default\">\n\t\t\t\t\t<div class=\"elementor-column elementor-col-100 elementor-top-column elementor-element elementor-element-d1d5743\" data-id=\"d1d5743\" data-element_type=\"column\" data-settings=\"{&quot;background_background&quot;:&quot;classic&quot;}\">\n\t\t\t<div class=\"elementor-widget-wrap elementor-element-populated\">\n\t\t\t\t\t\t\t<\/div>\n\t\t<\/div>\n\t\t\t\t\t<\/div>\n\t\t<\/section>\n\t\t\t\t<section class=\"elementor-section elementor-top-section elementor-element elementor-element-f9aac32 elementor-section-boxed elementor-section-height-default elementor-section-height-default\" data-id=\"f9aac32\" data-element_type=\"section\">\n\t\t\t\t\t\t<div class=\"elementor-container elementor-column-gap-default\">\n\t\t\t\t\t<div class=\"elementor-column elementor-col-100 elementor-top-column elementor-element elementor-element-f4e0075\" data-id=\"f4e0075\" data-element_type=\"column\" data-settings=\"{&quot;background_background&quot;:&quot;classic&quot;}\">\n\t\t\t<div class=\"elementor-widget-wrap elementor-element-populated\">\n\t\t\t\t\t\t<div class=\"elementor-element elementor-element-3bf4ec6 elementor-widget elementor-widget-image\" data-id=\"3bf4ec6\" data-element_type=\"widget\" data-no-translation=\"\" data-widget_type=\"image.default\">\n\t\t\t\t\t<style>.elementor-element-3bf4ec6{display:none !important}<\/style>\t\t\t\t<\/div>\n\t\t\t\t<div class=\"elementor-element elementor-element-37c1294 elementor-widget elementor-widget-image\" data-id=\"37c1294\" data-element_type=\"widget\" data-no-translation=\"\" data-widget_type=\"image.default\">\n\t\t\t\t\t\t\t\t\t\t\t\t\t\t\t<img fetchpriority=\"high\" decoding=\"async\" width=\"600\" height=\"300\" src=\"https:\/\/poloniaoberoesterreich.com\/wp-content\/uploads\/2022\/08\/logoradio12de.jpg\" class=\"attachment-large size-large wp-image-26709\" alt=\"\" srcset=\"https:\/\/poloniaoberoesterreich.com\/wp-content\/uploads\/2022\/08\/logoradio12de.jpg 600w, https:\/\/poloniaoberoesterreich.com\/wp-content\/uploads\/2022\/08\/logoradio12de-300x150.jpg 300w\" sizes=\"(max-width: 600px) 100vw, 600px\" \/>\t\t\t\t\t\t\t\t\t\t\t\t\t\t\t<\/div>\n\t\t\t\t<div class=\"elementor-element elementor-element-77388b7 elementor-widget elementor-widget-heading\" data-id=\"77388b7\" data-element_type=\"widget\" data-widget_type=\"heading.default\">\n\t\t\t\t\t<h2 class=\"elementor-heading-title elementor-size-default\">Redaktionen des Polnisches Radio in O\u00d6<\/h2>\t\t\t\t<\/div>\n\t\t\t\t<section class=\"elementor-section elementor-inner-section elementor-element elementor-element-3285a0f elementor-section-boxed elementor-section-height-default elementor-section-height-default\" data-id=\"3285a0f\" data-element_type=\"section\">\n\t\t\t\t\t\t<div class=\"elementor-container elementor-column-gap-default\">\n\t\t\t\t\t<div class=\"elementor-column elementor-col-100 elementor-inner-column elementor-element elementor-element-11adcca\" data-id=\"11adcca\" data-element_type=\"column\" data-settings=\"{&quot;background_background&quot;:&quot;classic&quot;}\">\n\t\t\t<div class=\"elementor-widget-wrap elementor-element-populated\">\n\t\t\t\t\t\t<div class=\"elementor-element elementor-element-a169d10 elementor-widget elementor-widget-image\" data-id=\"a169d10\" data-element_type=\"widget\" data-widget_type=\"image.default\">\n\t\t\t\t\t\t\t\t\t\t\t\t\t\t\t<img decoding=\"async\" width=\"2560\" height=\"1707\" src=\"https:\/\/poloniaoberoesterreich.com\/wp-content\/uploads\/2024\/09\/DSC_0069-scaled.jpg\" class=\"attachment-full size-full wp-image-108920\" alt=\"DC 0069\" srcset=\"https:\/\/poloniaoberoesterreich.com\/wp-content\/uploads\/2024\/09\/DSC_0069-scaled.jpg 2560w, https:\/\/poloniaoberoesterreich.com\/wp-content\/uploads\/2024\/09\/DSC_0069-300x200.jpg 300w, https:\/\/poloniaoberoesterreich.com\/wp-content\/uploads\/2024\/09\/DSC_0069-1024x683.jpg 1024w, https:\/\/poloniaoberoesterreich.com\/wp-content\/uploads\/2024\/09\/DSC_0069-768x512.jpg 768w, https:\/\/poloniaoberoesterreich.com\/wp-content\/uploads\/2024\/09\/DSC_0069-1536x1024.jpg 1536w, https:\/\/poloniaoberoesterreich.com\/wp-content\/uploads\/2024\/09\/DSC_0069-2048x1365.jpg 2048w, https:\/\/poloniaoberoesterreich.com\/wp-content\/uploads\/2024\/09\/DSC_0069-18x12.jpg 18w\" sizes=\"(max-width: 2560px) 100vw, 2560px\" \/>\t\t\t\t\t\t\t\t\t\t\t\t\t\t\t<\/div>\n\t\t\t\t<div class=\"elementor-element elementor-element-13fe6f4 elementor-widget elementor-widget-heading\" data-id=\"13fe6f4\" data-element_type=\"widget\" data-widget_type=\"heading.default\">\n\t\t\t\t\t<h3 class=\"elementor-heading-title elementor-size-default\">Chefredakteur<\/h3>\t\t\t\t<\/div>\n\t\t\t\t<div class=\"elementor-element elementor-element-7b43002 elementor-icon-list--layout-traditional elementor-list-item-link-full_width elementor-widget elementor-widget-icon-list\" data-id=\"7b43002\" data-element_type=\"widget\" data-widget_type=\"icon-list.default\">\n\t\t\t\t\t\t\t<ul class=\"elementor-icon-list-items\">\n\t\t\t\t\t\t\t<li class=\"elementor-icon-list-item\">\n\t\t\t\t\t\t\t\t\t\t\t<span class=\"elementor-icon-list-icon\">\n\t\t\t\t\t\t\t<i aria-hidden=\"true\" class=\"fas fa-users\"><\/i>\t\t\t\t\t\t<\/span>\n\t\t\t\t\t\t\t\t\t\t<span class=\"elementor-icon-list-text\">Julian Gaborek<\/span>\n\t\t\t\t\t\t\t\t\t<\/li>\n\t\t\t\t\t\t<\/ul>\n\t\t\t\t\t\t<\/div>\n\t\t\t\t\t<\/div>\n\t\t<\/div>\n\t\t\t\t\t<\/div>\n\t\t<\/section>\n\t\t\t\t<section class=\"elementor-section elementor-inner-section elementor-element elementor-element-70b41e2 elementor-section-boxed elementor-section-height-default elementor-section-height-default\" data-id=\"70b41e2\" data-element_type=\"section\">\n\t\t\t\t\t\t<div class=\"elementor-container elementor-column-gap-default\">\n\t\t\t\t\t<div class=\"elementor-column elementor-col-50 elementor-inner-column elementor-element elementor-element-8f19bac\" data-id=\"8f19bac\" data-element_type=\"column\" data-settings=\"{&quot;background_background&quot;:&quot;classic&quot;}\">\n\t\t\t<div class=\"elementor-widget-wrap elementor-element-populated\">\n\t\t\t\t\t\t<div class=\"elementor-element elementor-element-879452f elementor-widget elementor-widget-image\" data-id=\"879452f\" data-element_type=\"widget\" data-widget_type=\"image.default\">\n\t\t\t\t\t\t\t\t\t\t\t\t\t\t\t<img decoding=\"async\" width=\"1024\" height=\"683\" src=\"https:\/\/poloniaoberoesterreich.com\/wp-content\/uploads\/2022\/07\/I-zespol-redakcyjny.jpg\" class=\"attachment-full size-full wp-image-22128\" alt=\"\" srcset=\"https:\/\/poloniaoberoesterreich.com\/wp-content\/uploads\/2022\/07\/I-zespol-redakcyjny.jpg 1024w, https:\/\/poloniaoberoesterreich.com\/wp-content\/uploads\/2022\/07\/I-zespol-redakcyjny-300x200.jpg 300w, https:\/\/poloniaoberoesterreich.com\/wp-content\/uploads\/2022\/07\/I-zespol-redakcyjny-768x512.jpg 768w\" sizes=\"(max-width: 1024px) 100vw, 1024px\" \/>\t\t\t\t\t\t\t\t\t\t\t\t\t\t\t<\/div>\n\t\t\t\t<div class=\"elementor-element elementor-element-e2ae3bd elementor-widget elementor-widget-heading\" data-id=\"e2ae3bd\" data-element_type=\"widget\" data-widget_type=\"heading.default\">\n\t\t\t\t\t<h3 class=\"elementor-heading-title elementor-size-default\">Redaktion I<\/h3>\t\t\t\t<\/div>\n\t\t\t\t<div class=\"elementor-element elementor-element-1da3a2f elementor-icon-list--layout-traditional elementor-list-item-link-full_width elementor-widget elementor-widget-icon-list\" data-id=\"1da3a2f\" data-element_type=\"widget\" data-widget_type=\"icon-list.default\">\n\t\t\t\t\t\t\t<ul class=\"elementor-icon-list-items\">\n\t\t\t\t\t\t\t<li class=\"elementor-icon-list-item\">\n\t\t\t\t\t\t\t\t\t\t\t<span class=\"elementor-icon-list-icon\">\n\t\t\t\t\t\t\t<i aria-hidden=\"true\" class=\"fas fa-users\"><\/i>\t\t\t\t\t\t<\/span>\n\t\t\t\t\t\t\t\t\t\t<span class=\"elementor-icon-list-text\">Maja Haller und Anna Gaborek<\/span>\n\t\t\t\t\t\t\t\t\t<\/li>\n\t\t\t\t\t\t<\/ul>\n\t\t\t\t\t\t<\/div>\n\t\t\t\t\t<\/div>\n\t\t<\/div>\n\t\t\t\t<div class=\"elementor-column elementor-col-50 elementor-inner-column elementor-element elementor-element-62e9153\" data-id=\"62e9153\" data-element_type=\"column\" data-settings=\"{&quot;background_background&quot;:&quot;classic&quot;}\">\n\t\t\t<div class=\"elementor-widget-wrap elementor-element-populated\">\n\t\t\t\t\t\t<div class=\"elementor-element elementor-element-802afdf elementor-widget elementor-widget-image\" data-id=\"802afdf\" data-element_type=\"widget\" data-widget_type=\"image.default\">\n\t\t\t\t\t\t\t\t\t\t\t\t\t\t\t<img loading=\"lazy\" decoding=\"async\" width=\"1620\" height=\"1080\" src=\"https:\/\/poloniaoberoesterreich.com\/wp-content\/uploads\/2024\/09\/Mgr-Paulina-Artmuller-i-FH-Prof.-Dr.-Piotr-Kwiatek_II-zespol-redakcyjny-PRwGA.jpg\" class=\"attachment-full size-full wp-image-108924\" alt=\"mgr paulina artmuller i fh prof. dr. piotr kwiatek ii redaktion prwga\" srcset=\"https:\/\/poloniaoberoesterreich.com\/wp-content\/uploads\/2024\/09\/Mgr-Paulina-Artmuller-i-FH-Prof.-Dr.-Piotr-Kwiatek_II-zespol-redakcyjny-PRwGA.jpg 1620w, https:\/\/poloniaoberoesterreich.com\/wp-content\/uploads\/2024\/09\/Mgr-Paulina-Artmuller-i-FH-Prof.-Dr.-Piotr-Kwiatek_II-zespol-redakcyjny-PRwGA-300x200.jpg 300w, https:\/\/poloniaoberoesterreich.com\/wp-content\/uploads\/2024\/09\/Mgr-Paulina-Artmuller-i-FH-Prof.-Dr.-Piotr-Kwiatek_II-zespol-redakcyjny-PRwGA-1024x683.jpg 1024w, https:\/\/poloniaoberoesterreich.com\/wp-content\/uploads\/2024\/09\/Mgr-Paulina-Artmuller-i-FH-Prof.-Dr.-Piotr-Kwiatek_II-zespol-redakcyjny-PRwGA-768x512.jpg 768w, https:\/\/poloniaoberoesterreich.com\/wp-content\/uploads\/2024\/09\/Mgr-Paulina-Artmuller-i-FH-Prof.-Dr.-Piotr-Kwiatek_II-zespol-redakcyjny-PRwGA-1536x1024.jpg 1536w, https:\/\/poloniaoberoesterreich.com\/wp-content\/uploads\/2024\/09\/Mgr-Paulina-Artmuller-i-FH-Prof.-Dr.-Piotr-Kwiatek_II-zespol-redakcyjny-PRwGA-18x12.jpg 18w\" sizes=\"(max-width: 1620px) 100vw, 1620px\" \/>\t\t\t\t\t\t\t\t\t\t\t\t\t\t\t<\/div>\n\t\t\t\t<div class=\"elementor-element elementor-element-6dd7611 elementor-widget elementor-widget-heading\" data-id=\"6dd7611\" data-element_type=\"widget\" data-widget_type=\"heading.default\">\n\t\t\t\t\t<h3 class=\"elementor-heading-title elementor-size-default\">Redaktion II<\/h3>\t\t\t\t<\/div>\n\t\t\t\t<div class=\"elementor-element elementor-element-da028a6 elementor-icon-list--layout-traditional elementor-list-item-link-full_width elementor-widget elementor-widget-icon-list\" data-id=\"da028a6\" data-element_type=\"widget\" data-widget_type=\"icon-list.default\">\n\t\t\t\t\t\t\t<ul class=\"elementor-icon-list-items\">\n\t\t\t\t\t\t\t<li class=\"elementor-icon-list-item\">\n\t\t\t\t\t\t\t\t\t\t\t<span class=\"elementor-icon-list-icon\">\n\t\t\t\t\t\t\t<i aria-hidden=\"true\" class=\"fas fa-users\"><\/i>\t\t\t\t\t\t<\/span>\n\t\t\t\t\t\t\t\t\t\t<span class=\"elementor-icon-list-text\">MA Paulina Artm\u00fcller und Dr. Piotr Kwiatek<\/span>\n\t\t\t\t\t\t\t\t\t<\/li>\n\t\t\t\t\t\t<\/ul>\n\t\t\t\t\t\t<\/div>\n\t\t\t\t\t<\/div>\n\t\t<\/div>\n\t\t\t\t\t<\/div>\n\t\t<\/section>\n\t\t\t\t<section class=\"elementor-section elementor-inner-section elementor-element elementor-element-28f2653 elementor-section-boxed elementor-section-height-default elementor-section-height-default\" data-id=\"28f2653\" data-element_type=\"section\">\n\t\t\t\t\t\t<div class=\"elementor-container elementor-column-gap-default\">\n\t\t\t\t\t<div class=\"elementor-column elementor-col-50 elementor-inner-column elementor-element elementor-element-affde4e\" data-id=\"affde4e\" data-element_type=\"column\" data-settings=\"{&quot;background_background&quot;:&quot;classic&quot;}\">\n\t\t\t<div class=\"elementor-widget-wrap elementor-element-populated\">\n\t\t\t\t\t\t<div class=\"elementor-element elementor-element-1a8ff13 elementor-widget elementor-widget-image\" data-id=\"1a8ff13\" data-element_type=\"widget\" data-widget_type=\"image.default\">\n\t\t\t\t\t\t\t\t\t\t\t\t\t\t\t<img loading=\"lazy\" decoding=\"async\" width=\"1024\" height=\"682\" src=\"https:\/\/poloniaoberoesterreich.com\/wp-content\/uploads\/2023\/07\/III-zespol-redakcyjny-Mgr-Henryk-Bemben-i-Victor-Skorkowski.jpg\" class=\"attachment-full size-full wp-image-105416\" alt=\"redaktion iii henryk bemben und victor skorkowski\" srcset=\"https:\/\/poloniaoberoesterreich.com\/wp-content\/uploads\/2023\/07\/III-zespol-redakcyjny-Mgr-Henryk-Bemben-i-Victor-Skorkowski.jpg 1024w, https:\/\/poloniaoberoesterreich.com\/wp-content\/uploads\/2023\/07\/III-zespol-redakcyjny-Mgr-Henryk-Bemben-i-Victor-Skorkowski-300x200.jpg 300w, https:\/\/poloniaoberoesterreich.com\/wp-content\/uploads\/2023\/07\/III-zespol-redakcyjny-Mgr-Henryk-Bemben-i-Victor-Skorkowski-768x512.jpg 768w, https:\/\/poloniaoberoesterreich.com\/wp-content\/uploads\/2023\/07\/III-zespol-redakcyjny-Mgr-Henryk-Bemben-i-Victor-Skorkowski-18x12.jpg 18w\" sizes=\"(max-width: 1024px) 100vw, 1024px\" \/>\t\t\t\t\t\t\t\t\t\t\t\t\t\t\t<\/div>\n\t\t\t\t<div class=\"elementor-element elementor-element-af45583 elementor-widget elementor-widget-heading\" data-id=\"af45583\" data-element_type=\"widget\" data-widget_type=\"heading.default\">\n\t\t\t\t\t<h3 class=\"elementor-heading-title elementor-size-default\">Redaktion III<\/h3>\t\t\t\t<\/div>\n\t\t\t\t<div class=\"elementor-element elementor-element-e358cca elementor-icon-list--layout-traditional elementor-list-item-link-full_width elementor-widget elementor-widget-icon-list\" data-id=\"e358cca\" data-element_type=\"widget\" data-widget_type=\"icon-list.default\">\n\t\t\t\t\t\t\t<ul class=\"elementor-icon-list-items\">\n\t\t\t\t\t\t\t<li class=\"elementor-icon-list-item\">\n\t\t\t\t\t\t\t\t\t\t\t<span class=\"elementor-icon-list-icon\">\n\t\t\t\t\t\t\t<i aria-hidden=\"true\" class=\"fas fa-users\"><\/i>\t\t\t\t\t\t<\/span>\n\t\t\t\t\t\t\t\t\t\t<span class=\"elementor-icon-list-text\">Dr. Henryk Bemben und Victor Skorkowski<\/span>\n\t\t\t\t\t\t\t\t\t<\/li>\n\t\t\t\t\t\t<\/ul>\n\t\t\t\t\t\t<\/div>\n\t\t\t\t\t<\/div>\n\t\t<\/div>\n\t\t\t\t<div class=\"elementor-column elementor-col-50 elementor-inner-column elementor-element elementor-element-15b8ec3\" data-id=\"15b8ec3\" data-element_type=\"column\" data-settings=\"{&quot;background_background&quot;:&quot;classic&quot;}\">\n\t\t\t<div class=\"elementor-widget-wrap elementor-element-populated\">\n\t\t\t\t\t\t<div class=\"elementor-element elementor-element-f3da85d elementor-widget elementor-widget-image\" data-id=\"f3da85d\" data-element_type=\"widget\" data-widget_type=\"image.default\">\n\t\t\t\t\t\t\t\t\t\t\t\t\t\t\t<img loading=\"lazy\" decoding=\"async\" width=\"1024\" height=\"683\" src=\"https:\/\/poloniaoberoesterreich.com\/wp-content\/uploads\/2022\/07\/IV-zespol-redakcyjny.jpg\" class=\"attachment-full size-full wp-image-22134\" alt=\"\" srcset=\"https:\/\/poloniaoberoesterreich.com\/wp-content\/uploads\/2022\/07\/IV-zespol-redakcyjny.jpg 1024w, https:\/\/poloniaoberoesterreich.com\/wp-content\/uploads\/2022\/07\/IV-zespol-redakcyjny-300x200.jpg 300w, https:\/\/poloniaoberoesterreich.com\/wp-content\/uploads\/2022\/07\/IV-zespol-redakcyjny-768x512.jpg 768w\" sizes=\"(max-width: 1024px) 100vw, 1024px\" \/>\t\t\t\t\t\t\t\t\t\t\t\t\t\t\t<\/div>\n\t\t\t\t<div class=\"elementor-element elementor-element-cdaabc5 elementor-widget elementor-widget-heading\" data-id=\"cdaabc5\" data-element_type=\"widget\" data-widget_type=\"heading.default\">\n\t\t\t\t\t<h3 class=\"elementor-heading-title elementor-size-default\">Redaktion IV<\/h3>\t\t\t\t<\/div>\n\t\t\t\t<div class=\"elementor-element elementor-element-2a3d242 elementor-icon-list--layout-traditional elementor-list-item-link-full_width elementor-widget elementor-widget-icon-list\" data-id=\"2a3d242\" data-element_type=\"widget\" data-widget_type=\"icon-list.default\">\n\t\t\t\t\t\t\t<ul class=\"elementor-icon-list-items\">\n\t\t\t\t\t\t\t<li class=\"elementor-icon-list-item\">\n\t\t\t\t\t\t\t\t\t\t\t<span class=\"elementor-icon-list-icon\">\n\t\t\t\t\t\t\t<i aria-hidden=\"true\" class=\"fas fa-users\"><\/i>\t\t\t\t\t\t<\/span>\n\t\t\t\t\t\t\t\t\t\t<span class=\"elementor-icon-list-text\">Magdalena Roczymska und Artur Machno-Roczymski<\/span>\n\t\t\t\t\t\t\t\t\t<\/li>\n\t\t\t\t\t\t<\/ul>\n\t\t\t\t\t\t<\/div>\n\t\t\t\t\t<\/div>\n\t\t<\/div>\n\t\t\t\t\t<\/div>\n\t\t<\/section>\n\t\t\t\t<section class=\"elementor-section elementor-inner-section elementor-element elementor-element-9a0c28e elementor-section-boxed elementor-section-height-default elementor-section-height-default\" data-id=\"9a0c28e\" data-element_type=\"section\">\n\t\t\t\t\t\t<div class=\"elementor-container elementor-column-gap-default\">\n\t\t\t\t\t<div class=\"elementor-column elementor-col-50 elementor-inner-column elementor-element elementor-element-2c7fb8c\" data-id=\"2c7fb8c\" data-element_type=\"column\" data-settings=\"{&quot;background_background&quot;:&quot;classic&quot;}\">\n\t\t\t<div class=\"elementor-widget-wrap elementor-element-populated\">\n\t\t\t\t\t\t<div class=\"elementor-element elementor-element-203b79c elementor-widget elementor-widget-image\" data-id=\"203b79c\" data-element_type=\"widget\" data-widget_type=\"image.default\">\n\t\t\t\t\t\t\t\t\t\t\t\t\t\t\t<img decoding=\"async\" src=\"https:\/\/poloniaoberoesterreich.com\/wp-content\/uploads\/2025\/12\/Dokument2-Kopie-3-150x150.jpg\" title=\"Dokument2 Kopien\" alt=\"Dokument2 Kopien\" loading=\"lazy\" \/>\t\t\t\t\t\t\t\t\t\t\t\t\t\t\t<\/div>\n\t\t\t\t<div class=\"elementor-element elementor-element-abb179f elementor-widget elementor-widget-heading\" data-id=\"abb179f\" data-element_type=\"widget\" data-widget_type=\"heading.default\">\n\t\t\t\t\t<h3 class=\"elementor-heading-title elementor-size-default\">Redaktion V<\/h3>\t\t\t\t<\/div>\n\t\t\t\t<div class=\"elementor-element elementor-element-dcc29a1 elementor-icon-list--layout-traditional elementor-list-item-link-full_width elementor-widget elementor-widget-icon-list\" data-id=\"dcc29a1\" data-element_type=\"widget\" data-widget_type=\"icon-list.default\">\n\t\t\t\t\t\t\t<ul class=\"elementor-icon-list-items\">\n\t\t\t\t\t\t\t<li class=\"elementor-icon-list-item\">\n\t\t\t\t\t\t\t\t\t\t\t<span class=\"elementor-icon-list-icon\">\n\t\t\t\t\t\t\t<i aria-hidden=\"true\" class=\"fas fa-users\"><\/i>\t\t\t\t\t\t<\/span>\n\t\t\t\t\t\t\t\t\t\t<span class=\"elementor-icon-list-text\">Bo\u017cena Szelest und Katarzyna Mas\u0142owska MA<\/span>\n\t\t\t\t\t\t\t\t\t<\/li>\n\t\t\t\t\t\t<\/ul>\n\t\t\t\t\t\t<\/div>\n\t\t\t\t\t<\/div>\n\t\t<\/div>\n\t\t\t\t<div class=\"elementor-column elementor-col-50 elementor-inner-column elementor-element elementor-element-908c71c\" data-id=\"908c71c\" data-element_type=\"column\" data-settings=\"{&quot;background_background&quot;:&quot;classic&quot;}\">\n\t\t\t<div class=\"elementor-widget-wrap elementor-element-populated\">\n\t\t\t\t\t\t<div class=\"elementor-element elementor-element-e5f9155 elementor-widget elementor-widget-image\" data-id=\"e5f9155\" data-element_type=\"widget\" data-widget_type=\"image.default\">\n\t\t\t\t\t\t\t\t\t\t\t\t\t\t\t<img decoding=\"async\" src=\"https:\/\/poloniaoberoesterreich.com\/wp-content\/uploads\/2025\/10\/VI-Grupa-Redakcyjna.jpg\" title=\"VI. Redaktionsgruppe\" alt=\"VI. Redaktionsgruppe\" loading=\"lazy\" \/>\t\t\t\t\t\t\t\t\t\t\t\t\t\t\t<\/div>\n\t\t\t\t<div class=\"elementor-element elementor-element-2b68bcb elementor-widget elementor-widget-heading\" data-id=\"2b68bcb\" data-element_type=\"widget\" data-widget_type=\"heading.default\">\n\t\t\t\t\t<h3 class=\"elementor-heading-title elementor-size-default\">Redaktion VI<\/h3>\t\t\t\t<\/div>\n\t\t\t\t<div class=\"elementor-element elementor-element-115a4de elementor-icon-list--layout-traditional elementor-list-item-link-full_width elementor-widget elementor-widget-icon-list\" data-id=\"115a4de\" data-element_type=\"widget\" data-widget_type=\"icon-list.default\">\n\t\t\t\t\t\t\t<ul class=\"elementor-icon-list-items\">\n\t\t\t\t\t\t\t<li class=\"elementor-icon-list-item\">\n\t\t\t\t\t\t\t\t\t\t\t<span class=\"elementor-icon-list-icon\">\n\t\t\t\t\t\t\t<i aria-hidden=\"true\" class=\"fas fa-users\"><\/i>\t\t\t\t\t\t<\/span>\n\t\t\t\t\t\t\t\t\t\t<span class=\"elementor-icon-list-text\">Nikita Zychowska und Mag. Sylwia Szpak<\/span>\n\t\t\t\t\t\t\t\t\t<\/li>\n\t\t\t\t\t\t<\/ul>\n\t\t\t\t\t\t<\/div>\n\t\t\t\t\t<\/div>\n\t\t<\/div>\n\t\t\t\t\t<\/div>\n\t\t<\/section>\n\t\t\t\t\t<\/div>\n\t\t<\/div>\n\t\t\t\t\t<\/div>\n\t\t<\/section>\n\t\t\t\t<\/div>","protected":false},"excerpt":{"rendered":"<p>Redaktorzy Polskiego Radia w G\u00f3rnej Austrii Redaktor Naczelny Julian Gaborek I zesp\u00f3\u0142 redakcyjny Maja Haller i Anna Gaborek II zesp\u00f3\u0142 redakcyjny Mgr Paulina Artm\u00fcller i Dr Piotr Kwiatek III zesp\u00f3\u0142 redakcyjny Dr Henryk Bemben i Victor Skorkowski IV zesp\u00f3\u0142 redakcyjny Magdalena Roczymska i Artur Machno-Roczymski V zesp\u00f3\u0142 redakcyjny Bo\u017cena Szelest i Katarzyna Mas\u0142owska MA VI &#8230; <a title=\"Redaktionen PRwGA\" class=\"read-more\" href=\"https:\/\/poloniaoberoesterreich.com\/de\/redaktionen\/\" aria-label=\"Read more about Zespo\u0142y Redakcyjne\">Mehr lesen<\/a><\/p>","protected":false},"author":1,"featured_media":0,"parent":0,"menu_order":0,"comment_status":"closed","ping_status":"closed","template":"elementor_header_footer","meta":{"_seopress_robots_primary_cat":"","_seopress_titles_title":"","_seopress_titles_desc":"","_seopress_robots_index":"","ngg_post_thumbnail":0,"footnotes":""},"class_list":["post-22078","page","type-page","status-publish"],"_links":{"self":[{"href":"https:\/\/poloniaoberoesterreich.com\/de\/wp-json\/wp\/v2\/pages\/22078","targetHints":{"allow":["GET"]}}],"collection":[{"href":"https:\/\/poloniaoberoesterreich.com\/de\/wp-json\/wp\/v2\/pages"}],"about":[{"href":"https:\/\/poloniaoberoesterreich.com\/de\/wp-json\/wp\/v2\/types\/page"}],"author":[{"embeddable":true,"href":"https:\/\/poloniaoberoesterreich.com\/de\/wp-json\/wp\/v2\/users\/1"}],"replies":[{"embeddable":true,"href":"https:\/\/poloniaoberoesterreich.com\/de\/wp-json\/wp\/v2\/comments?post=22078"}],"version-history":[{"count":0,"href":"https:\/\/poloniaoberoesterreich.com\/de\/wp-json\/wp\/v2\/pages\/22078\/revisions"}],"wp:attachment":[{"href":"https:\/\/poloniaoberoesterreich.com\/de\/wp-json\/wp\/v2\/media?parent=22078"}],"curies":[{"name":"wp","href":"https:\/\/api.w.org\/{rel}","templated":true}]}}