{"id":22080,"date":"2022-07-29T11:00:31","date_gmt":"2022-07-29T09:00:31","guid":{"rendered":"https:\/\/poloniaoberoesterreich.com\/?page_id=22080"},"modified":"2024-09-27T13:24:41","modified_gmt":"2024-09-27T11:24:41","slug":"polnisches-restaurant","status":"publish","type":"page","link":"https:\/\/poloniaoberoesterreich.com\/de\/polnisches-restaurant\/","title":{"rendered":"Polnisches Restaurant"},"content":{"rendered":"<div data-elementor-type=\"wp-page\" data-elementor-id=\"22080\" class=\"elementor elementor-22080\" data-elementor-post-type=\"page\">\n\t\t\t\t\t\t<section class=\"elementor-section elementor-top-section elementor-element elementor-element-472e5beb elementor-section-boxed elementor-section-height-default elementor-section-height-default\" data-id=\"472e5beb\" data-element_type=\"section\">\n\t\t\t\t\t\t<div class=\"elementor-container elementor-column-gap-default\">\n\t\t\t\t\t<div class=\"elementor-column elementor-col-100 elementor-top-column elementor-element elementor-element-d1d5743\" data-id=\"d1d5743\" data-element_type=\"column\" data-settings=\"{&quot;background_background&quot;:&quot;classic&quot;}\">\n\t\t\t<div class=\"elementor-widget-wrap elementor-element-populated\">\n\t\t\t\t\t\t<div class=\"elementor-element elementor-element-82d57d4 elementor-widget elementor-widget-heading\" data-id=\"82d57d4\" data-element_type=\"widget\" data-widget_type=\"heading.default\">\n\t\t\t\t\t<h1 class=\"elementor-heading-title elementor-size-default\">Polnisches Restaurant &quot;Go\u015bcinna Chata&quot;<\/h1>\t\t\t\t<\/div>\n\t\t\t\t\t<\/div>\n\t\t<\/div>\n\t\t\t\t\t<\/div>\n\t\t<\/section>\n\t\t\t\t<section class=\"elementor-section elementor-top-section elementor-element elementor-element-5c10102 elementor-section-boxed elementor-section-height-default elementor-section-height-default\" data-id=\"5c10102\" data-element_type=\"section\">\n\t\t\t\t\t\t<div class=\"elementor-container elementor-column-gap-default\">\n\t\t\t\t\t<div class=\"elementor-column elementor-col-100 elementor-top-column elementor-element elementor-element-794abf8\" data-id=\"794abf8\" data-element_type=\"column\" data-settings=\"{&quot;background_background&quot;:&quot;classic&quot;}\">\n\t\t\t<div class=\"elementor-widget-wrap elementor-element-populated\">\n\t\t\t\t\t\t<section class=\"elementor-section elementor-inner-section elementor-element elementor-element-a97c372 elementor-section-boxed elementor-section-height-default elementor-section-height-default\" data-id=\"a97c372\" data-element_type=\"section\">\n\t\t\t\t\t\t<div class=\"elementor-container elementor-column-gap-default\">\n\t\t\t\t\t<div class=\"elementor-column elementor-col-50 elementor-inner-column elementor-element elementor-element-da6f979\" data-id=\"da6f979\" data-element_type=\"column\">\n\t\t\t<div class=\"elementor-widget-wrap elementor-element-populated\">\n\t\t\t\t\t\t<div class=\"elementor-element elementor-element-d0f0dcf elementor-widget elementor-widget-image\" data-id=\"d0f0dcf\" data-element_type=\"widget\" data-widget_type=\"image.default\">\n\t\t\t\t\t\t\t\t\t\t\t\t\t\t\t<img fetchpriority=\"high\" decoding=\"async\" width=\"1000\" height=\"560\" src=\"https:\/\/poloniaoberoesterreich.com\/wp-content\/uploads\/2022\/07\/Polnisches-Restaurant-Goscinna-Chata_01.png\" class=\"attachment-full size-full wp-image-22200\" alt=\"\" srcset=\"https:\/\/poloniaoberoesterreich.com\/wp-content\/uploads\/2022\/07\/Polnisches-Restaurant-Goscinna-Chata_01.png 1000w, https:\/\/poloniaoberoesterreich.com\/wp-content\/uploads\/2022\/07\/Polnisches-Restaurant-Goscinna-Chata_01-300x168.png 300w, https:\/\/poloniaoberoesterreich.com\/wp-content\/uploads\/2022\/07\/Polnisches-Restaurant-Goscinna-Chata_01-768x430.png 768w\" sizes=\"(max-width: 1000px) 100vw, 1000px\" \/>\t\t\t\t\t\t\t\t\t\t\t\t\t\t\t<\/div>\n\t\t\t\t\t<\/div>\n\t\t<\/div>\n\t\t\t\t<div class=\"elementor-column elementor-col-50 elementor-inner-column elementor-element elementor-element-c74deb0\" data-id=\"c74deb0\" data-element_type=\"column\">\n\t\t\t<div class=\"elementor-widget-wrap elementor-element-populated\">\n\t\t\t\t\t\t<div class=\"elementor-element elementor-element-5e05d90 elementor-widget elementor-widget-text-editor\" data-id=\"5e05d90\" data-element_type=\"widget\" data-widget_type=\"text-editor.default\">\n\t\t\t\t\t\t\t\t\t<p>4. M\u00e4rz w\u00fcrde in Linz polnisches Restaurant ge\u00f6ffnet<\/p><p>&quot;Go\u015bcinna Chata&quot;<\/p><p>Hafenstra\u00dfe 4, 4020 Linz<\/p><p>Tel. +43 732 770961<\/p><p><a href=\"http:\/\/www.goscinna-chata.at\/\" target=\"_blank\" rel=\"noopener\">Mehr informationen \u00b4- hier drucken<\/a><\/p><p><a href=\"https:\/\/poloniaoberoesterreich.com\/de\/filmgalerie\/polnisches-lokal-restaurant-zum-donaufloesser-eroffnung-polnisches-restaurant-in-linz\/\" target=\"_blank\" rel=\"noopener\"><strong>Er\u00f6ffnungsfilm \u2013 hier drucken<\/strong><\/a><\/p>\t\t\t\t\t\t\t\t<\/div>\n\t\t\t\t\t<\/div>\n\t\t<\/div>\n\t\t\t\t\t<\/div>\n\t\t<\/section>\n\t\t\t\t\t<\/div>\n\t\t<\/div>\n\t\t\t\t\t<\/div>\n\t\t<\/section>\n\t\t\t\t<section class=\"elementor-section elementor-top-section elementor-element elementor-element-bb91281 elementor-section-boxed elementor-section-height-default elementor-section-height-default\" data-id=\"bb91281\" data-element_type=\"section\">\n\t\t\t\t\t\t<div class=\"elementor-container elementor-column-gap-default\">\n\t\t\t\t\t<div class=\"elementor-column elementor-col-100 elementor-top-column elementor-element elementor-element-bdb0bbe\" data-id=\"bdb0bbe\" data-element_type=\"column\" data-settings=\"{&quot;background_background&quot;:&quot;classic&quot;}\">\n\t\t\t<div class=\"elementor-widget-wrap elementor-element-populated\">\n\t\t\t\t\t\t<div class=\"elementor-element elementor-element-c9dca41 elementor-widget elementor-widget-gallery\" data-id=\"c9dca41\" data-element_type=\"widget\" data-settings=\"{&quot;gallery_layout&quot;:&quot;justified&quot;,&quot;lazyload&quot;:&quot;yes&quot;,&quot;ideal_row_height&quot;:{&quot;unit&quot;:&quot;px&quot;,&quot;size&quot;:200,&quot;sizes&quot;:[]},&quot;ideal_row_height_tablet&quot;:{&quot;unit&quot;:&quot;px&quot;,&quot;size&quot;:150,&quot;sizes&quot;:[]},&quot;ideal_row_height_mobile&quot;:{&quot;unit&quot;:&quot;px&quot;,&quot;size&quot;:150,&quot;sizes&quot;:[]},&quot;gap&quot;:{&quot;unit&quot;:&quot;px&quot;,&quot;size&quot;:10,&quot;sizes&quot;:[]},&quot;gap_tablet&quot;:{&quot;unit&quot;:&quot;px&quot;,&quot;size&quot;:10,&quot;sizes&quot;:[]},&quot;gap_mobile&quot;:{&quot;unit&quot;:&quot;px&quot;,&quot;size&quot;:10,&quot;sizes&quot;:[]},&quot;link_to&quot;:&quot;file&quot;,&quot;overlay_background&quot;:&quot;yes&quot;,&quot;content_hover_animation&quot;:&quot;fade-in&quot;}\" data-widget_type=\"gallery.default\">\n\t\t\t\t\t\t\t<div class=\"elementor-gallery__container\">\n\t\t\t\t\t\t\t<a class=\"e-gallery-item elementor-gallery-item elementor-animated-content\" href=\"https:\/\/poloniaoberoesterreich.com\/wp-content\/uploads\/2022\/07\/Polnisches-Restaurant-Goscinna-Chata_02.jpg\" data-elementor-open-lightbox=\"yes\" data-elementor-lightbox-slideshow=\"c9dca41\" data-elementor-lightbox-title=\"Polnisches Restaurant Go\u015bcinna Chata_02\" data-e-action-hash=\"#elementor-action%3Aaction%3Dlightbox%26settings%3DeyJpZCI6MjIyMDUsInVybCI6Imh0dHBzOlwvXC9wb2xvbmlhb2Jlcm9lc3RlcnJlaWNoLmNvbVwvd3AtY29udGVudFwvdXBsb2Fkc1wvMjAyMlwvMDdcL1BvbG5pc2NoZXMtUmVzdGF1cmFudC1Hb3NjaW5uYS1DaGF0YV8wMi5qcGciLCJzbGlkZXNob3ciOiJjOWRjYTQxIn0%3D\">\n\t\t\t\t\t<div class=\"e-gallery-image elementor-gallery-item__image\" data-thumbnail=\"https:\/\/poloniaoberoesterreich.com\/wp-content\/uploads\/2022\/07\/Polnisches-Restaurant-Goscinna-Chata_02.jpg\" data-width=\"800\" data-height=\"532\" aria-label=\"\" role=\"img\" ><\/div>\n\t\t\t\t\t\t\t\t\t\t\t<div class=\"elementor-gallery-item__overlay\"><\/div>\n\t\t\t\t\t\t\t\t\t\t\t\t\t\t<\/a>\n\t\t\t\t\t\t\t<a class=\"e-gallery-item elementor-gallery-item elementor-animated-content\" href=\"https:\/\/poloniaoberoesterreich.com\/wp-content\/uploads\/2022\/07\/Polnisches-Restaurant-Goscinna-Chata_03.jpg\" data-elementor-open-lightbox=\"yes\" data-elementor-lightbox-slideshow=\"c9dca41\" data-elementor-lightbox-title=\"Polnisches Restaurant Go\u015bcinna Chata_03\" data-e-action-hash=\"#elementor-action%3Aaction%3Dlightbox%26settings%3DeyJpZCI6MjIyMDcsInVybCI6Imh0dHBzOlwvXC9wb2xvbmlhb2Jlcm9lc3RlcnJlaWNoLmNvbVwvd3AtY29udGVudFwvdXBsb2Fkc1wvMjAyMlwvMDdcL1BvbG5pc2NoZXMtUmVzdGF1cmFudC1Hb3NjaW5uYS1DaGF0YV8wMy5qcGciLCJzbGlkZXNob3ciOiJjOWRjYTQxIn0%3D\">\n\t\t\t\t\t<div class=\"e-gallery-image elementor-gallery-item__image\" data-thumbnail=\"https:\/\/poloniaoberoesterreich.com\/wp-content\/uploads\/2022\/07\/Polnisches-Restaurant-Goscinna-Chata_03.jpg\" data-width=\"800\" data-height=\"533\" aria-label=\"\" role=\"img\" ><\/div>\n\t\t\t\t\t\t\t\t\t\t\t<div class=\"elementor-gallery-item__overlay\"><\/div>\n\t\t\t\t\t\t\t\t\t\t\t\t\t\t<\/a>\n\t\t\t\t\t\t\t<a class=\"e-gallery-item elementor-gallery-item elementor-animated-content\" href=\"https:\/\/poloniaoberoesterreich.com\/wp-content\/uploads\/2022\/07\/Polnisches-Restaurant-Goscinna-Chata_04.jpg\" data-elementor-open-lightbox=\"yes\" data-elementor-lightbox-slideshow=\"c9dca41\" data-elementor-lightbox-title=\"Polnisches Restaurant Go\u015bcinna Chata_04\" data-e-action-hash=\"#elementor-action%3Aaction%3Dlightbox%26settings%3DeyJpZCI6MjIyMDksInVybCI6Imh0dHBzOlwvXC9wb2xvbmlhb2Jlcm9lc3RlcnJlaWNoLmNvbVwvd3AtY29udGVudFwvdXBsb2Fkc1wvMjAyMlwvMDdcL1BvbG5pc2NoZXMtUmVzdGF1cmFudC1Hb3NjaW5uYS1DaGF0YV8wNC5qcGciLCJzbGlkZXNob3ciOiJjOWRjYTQxIn0%3D\">\n\t\t\t\t\t<div class=\"e-gallery-image elementor-gallery-item__image\" data-thumbnail=\"https:\/\/poloniaoberoesterreich.com\/wp-content\/uploads\/2022\/07\/Polnisches-Restaurant-Goscinna-Chata_04.jpg\" data-width=\"800\" data-height=\"533\" aria-label=\"\" role=\"img\" ><\/div>\n\t\t\t\t\t\t\t\t\t\t\t<div class=\"elementor-gallery-item__overlay\"><\/div>\n\t\t\t\t\t\t\t\t\t\t\t\t\t\t<\/a>\n\t\t\t\t\t\t\t<a class=\"e-gallery-item elementor-gallery-item elementor-animated-content\" href=\"https:\/\/poloniaoberoesterreich.com\/wp-content\/uploads\/2022\/07\/Polnisches-Restaurant-Goscinna-Chata_05.jpg\" data-elementor-open-lightbox=\"yes\" data-elementor-lightbox-slideshow=\"c9dca41\" data-elementor-lightbox-title=\"Polnisches Restaurant Go\u015bcinna Chata_05\" data-e-action-hash=\"#elementor-action%3Aaction%3Dlightbox%26settings%3DeyJpZCI6MjIyMTEsInVybCI6Imh0dHBzOlwvXC9wb2xvbmlhb2Jlcm9lc3RlcnJlaWNoLmNvbVwvd3AtY29udGVudFwvdXBsb2Fkc1wvMjAyMlwvMDdcL1BvbG5pc2NoZXMtUmVzdGF1cmFudC1Hb3NjaW5uYS1DaGF0YV8wNS5qcGciLCJzbGlkZXNob3ciOiJjOWRjYTQxIn0%3D\">\n\t\t\t\t\t<div class=\"e-gallery-image elementor-gallery-item__image\" data-thumbnail=\"https:\/\/poloniaoberoesterreich.com\/wp-content\/uploads\/2022\/07\/Polnisches-Restaurant-Goscinna-Chata_05.jpg\" data-width=\"800\" data-height=\"533\" aria-label=\"\" role=\"img\" ><\/div>\n\t\t\t\t\t\t\t\t\t\t\t<div class=\"elementor-gallery-item__overlay\"><\/div>\n\t\t\t\t\t\t\t\t\t\t\t\t\t\t<\/a>\n\t\t\t\t\t\t\t<a class=\"e-gallery-item elementor-gallery-item elementor-animated-content\" href=\"https:\/\/poloniaoberoesterreich.com\/wp-content\/uploads\/2022\/07\/Polnisches-Restaurant-Goscinna-Chata_06.jpg\" data-elementor-open-lightbox=\"yes\" data-elementor-lightbox-slideshow=\"c9dca41\" data-elementor-lightbox-title=\"Polnisches Restaurant Go\u015bcinna Chata_06\" data-e-action-hash=\"#elementor-action%3Aaction%3Dlightbox%26settings%3DeyJpZCI6MjIyMTMsInVybCI6Imh0dHBzOlwvXC9wb2xvbmlhb2Jlcm9lc3RlcnJlaWNoLmNvbVwvd3AtY29udGVudFwvdXBsb2Fkc1wvMjAyMlwvMDdcL1BvbG5pc2NoZXMtUmVzdGF1cmFudC1Hb3NjaW5uYS1DaGF0YV8wNi5qcGciLCJzbGlkZXNob3ciOiJjOWRjYTQxIn0%3D\">\n\t\t\t\t\t<div class=\"e-gallery-image elementor-gallery-item__image\" data-thumbnail=\"https:\/\/poloniaoberoesterreich.com\/wp-content\/uploads\/2022\/07\/Polnisches-Restaurant-Goscinna-Chata_06.jpg\" data-width=\"800\" data-height=\"533\" aria-label=\"\" role=\"img\" ><\/div>\n\t\t\t\t\t\t\t\t\t\t\t<div class=\"elementor-gallery-item__overlay\"><\/div>\n\t\t\t\t\t\t\t\t\t\t\t\t\t\t<\/a>\n\t\t\t\t\t\t\t<a class=\"e-gallery-item elementor-gallery-item elementor-animated-content\" href=\"https:\/\/poloniaoberoesterreich.com\/wp-content\/uploads\/2022\/07\/Polnisches-Restaurant-Goscinna-Chata_07.jpg\" data-elementor-open-lightbox=\"yes\" data-elementor-lightbox-slideshow=\"c9dca41\" data-elementor-lightbox-title=\"Polnisches Restaurant Go\u015bcinna Chata_07\" data-e-action-hash=\"#elementor-action%3Aaction%3Dlightbox%26settings%3DeyJpZCI6MjIyMTUsInVybCI6Imh0dHBzOlwvXC9wb2xvbmlhb2Jlcm9lc3RlcnJlaWNoLmNvbVwvd3AtY29udGVudFwvdXBsb2Fkc1wvMjAyMlwvMDdcL1BvbG5pc2NoZXMtUmVzdGF1cmFudC1Hb3NjaW5uYS1DaGF0YV8wNy5qcGciLCJzbGlkZXNob3ciOiJjOWRjYTQxIn0%3D\">\n\t\t\t\t\t<div class=\"e-gallery-image elementor-gallery-item__image\" data-thumbnail=\"https:\/\/poloniaoberoesterreich.com\/wp-content\/uploads\/2022\/07\/Polnisches-Restaurant-Goscinna-Chata_07.jpg\" data-width=\"1024\" data-height=\"768\" aria-label=\"\" role=\"img\" ><\/div>\n\t\t\t\t\t\t\t\t\t\t\t<div class=\"elementor-gallery-item__overlay\"><\/div>\n\t\t\t\t\t\t\t\t\t\t\t\t\t\t<\/a>\n\t\t\t\t\t\t\t<a class=\"e-gallery-item elementor-gallery-item elementor-animated-content\" href=\"https:\/\/poloniaoberoesterreich.com\/wp-content\/uploads\/2022\/07\/Polnisches-Restaurant-Goscinna-Chata_08.jpg\" data-elementor-open-lightbox=\"yes\" data-elementor-lightbox-slideshow=\"c9dca41\" data-elementor-lightbox-title=\"Polnisches Restaurant Go\u015bcinna Chata_08\" data-e-action-hash=\"#elementor-action%3Aaction%3Dlightbox%26settings%3DeyJpZCI6MjIyMTcsInVybCI6Imh0dHBzOlwvXC9wb2xvbmlhb2Jlcm9lc3RlcnJlaWNoLmNvbVwvd3AtY29udGVudFwvdXBsb2Fkc1wvMjAyMlwvMDdcL1BvbG5pc2NoZXMtUmVzdGF1cmFudC1Hb3NjaW5uYS1DaGF0YV8wOC5qcGciLCJzbGlkZXNob3ciOiJjOWRjYTQxIn0%3D\">\n\t\t\t\t\t<div class=\"e-gallery-image elementor-gallery-item__image\" data-thumbnail=\"https:\/\/poloniaoberoesterreich.com\/wp-content\/uploads\/2022\/07\/Polnisches-Restaurant-Goscinna-Chata_08.jpg\" data-width=\"1024\" data-height=\"768\" aria-label=\"\" role=\"img\" ><\/div>\n\t\t\t\t\t\t\t\t\t\t\t<div class=\"elementor-gallery-item__overlay\"><\/div>\n\t\t\t\t\t\t\t\t\t\t\t\t\t\t<\/a>\n\t\t\t\t\t<\/div>\n\t\t\t\t\t<\/div>\n\t\t\t\t\t<\/div>\n\t\t<\/div>\n\t\t\t\t\t<\/div>\n\t\t<\/section>\n\t\t\t\t<\/div>","protected":false},"excerpt":{"rendered":"<p>Polska Restauracja \u201eGo\u015bcinna Chata\u201d 4 marca nast\u0105pi\u0142o otwarcie pierwszej polskiej restauracji w Linu \u201eGo\u015bcinna Chata\u201d Hafenstrasse 4, 4020 Linz Tel. +43 732 770961 Wi\u0119cej informacji:naci\u015bnj tutaj: Film z otwarcia \u2013 tutaj naci\u015bnij<\/p>","protected":false},"author":1,"featured_media":0,"parent":0,"menu_order":0,"comment_status":"closed","ping_status":"closed","template":"elementor_header_footer","meta":{"_seopress_robots_primary_cat":"","_seopress_titles_title":"","_seopress_titles_desc":"","_seopress_robots_index":"","ngg_post_thumbnail":0,"footnotes":""},"class_list":["post-22080","page","type-page","status-publish"],"_links":{"self":[{"href":"https:\/\/poloniaoberoesterreich.com\/de\/wp-json\/wp\/v2\/pages\/22080","targetHints":{"allow":["GET"]}}],"collection":[{"href":"https:\/\/poloniaoberoesterreich.com\/de\/wp-json\/wp\/v2\/pages"}],"about":[{"href":"https:\/\/poloniaoberoesterreich.com\/de\/wp-json\/wp\/v2\/types\/page"}],"author":[{"embeddable":true,"href":"https:\/\/poloniaoberoesterreich.com\/de\/wp-json\/wp\/v2\/users\/1"}],"replies":[{"embeddable":true,"href":"https:\/\/poloniaoberoesterreich.com\/de\/wp-json\/wp\/v2\/comments?post=22080"}],"version-history":[{"count":0,"href":"https:\/\/poloniaoberoesterreich.com\/de\/wp-json\/wp\/v2\/pages\/22080\/revisions"}],"wp:attachment":[{"href":"https:\/\/poloniaoberoesterreich.com\/de\/wp-json\/wp\/v2\/media?parent=22080"}],"curies":[{"name":"wp","href":"https:\/\/api.w.org\/{rel}","templated":true}]}}