{"id":22082,"date":"2022-07-29T11:01:24","date_gmt":"2022-07-29T09:01:24","guid":{"rendered":"https:\/\/poloniaoberoesterreich.com\/?page_id=22082"},"modified":"2026-04-02T18:24:05","modified_gmt":"2026-04-02T16:24:05","slug":"ministerium","status":"publish","type":"page","link":"https:\/\/poloniaoberoesterreich.com\/de\/ministerium\/","title":{"rendered":"Pfarre"},"content":{"rendered":"<div data-elementor-type=\"wp-page\" data-elementor-id=\"22082\" class=\"elementor elementor-22082\" data-elementor-post-type=\"page\">\n\t\t\t\t\t\t<section class=\"elementor-section elementor-top-section elementor-element elementor-element-472e5beb elementor-section-boxed elementor-section-height-default elementor-section-height-default\" data-id=\"472e5beb\" data-element_type=\"section\">\n\t\t\t\t\t\t<div class=\"elementor-container elementor-column-gap-default\">\n\t\t\t\t\t<div class=\"elementor-column elementor-col-100 elementor-top-column elementor-element elementor-element-d1d5743\" data-id=\"d1d5743\" data-element_type=\"column\" data-settings=\"{&quot;background_background&quot;:&quot;classic&quot;}\">\n\t\t\t<div class=\"elementor-widget-wrap elementor-element-populated\">\n\t\t\t\t\t\t<div class=\"elementor-element elementor-element-82d57d4 elementor-widget elementor-widget-heading\" data-id=\"82d57d4\" data-element_type=\"widget\" data-widget_type=\"heading.default\">\n\t\t\t\t\t<h1 class=\"elementor-heading-title elementor-size-default\">Pfarre:<\/h1>\t\t\t\t<\/div>\n\t\t\t\t\t<\/div>\n\t\t<\/div>\n\t\t\t\t\t<\/div>\n\t\t<\/section>\n\t\t\t\t<section class=\"elementor-section elementor-top-section elementor-element elementor-element-346f27c elementor-section-boxed elementor-section-height-default elementor-section-height-default\" data-id=\"346f27c\" data-element_type=\"section\">\n\t\t\t\t\t\t<div class=\"elementor-container elementor-column-gap-default\">\n\t\t\t\t\t<div class=\"elementor-column elementor-col-100 elementor-top-column elementor-element elementor-element-7372f13\" data-id=\"7372f13\" data-element_type=\"column\" data-settings=\"{&quot;background_background&quot;:&quot;classic&quot;}\">\n\t\t\t<div class=\"elementor-widget-wrap elementor-element-populated\">\n\t\t\t\t\t\t<div class=\"elementor-element elementor-element-304707b elementor-widget elementor-widget-text-editor\" data-id=\"304707b\" data-element_type=\"widget\" data-widget_type=\"text-editor.default\">\n\t\t\t\t\t\t\t\t\t<p><strong>POLNISCHER VORSITZ IN OBER\u00d6STERREICH<\/strong><\/p><p><strong>\u00a0\u00a0\u00a0\u00a0\u00a0\u00a0\u00a0\u00a0\u00a0\u00a0\u00a0\u00a0\u00a0\u00a0\u00a0\u00a0\u00a0\u00a0\u00a0\u00a0\u00a0\u00a0\u00a0\u00a0\u00a0\u00a0\u00a0\u00a0\u00a0\u00a0\u00a0\u00a0\u00a0\u00a0\u00a0\u00a0\u00a0\u00a0\u00a0\u00a0\u00a0\u00a0\u00a0\u00a0 <\/strong><\/p><p><strong>\u00a0\u00a0\u00a0\u00a0\u00a0\u00a0\u00a0\u00a0\u00a0\u00a0\u00a0\u00a0\u00a0\u00a0\u00a0\u00a0 <\/strong><em>Information: <strong>\u00a0\u00a0K w i e c i e \u0144\u00a0\u00a0 2026 \u00a0\u00a0&#8211; <\/strong>nr\u00a0 4\/256\u00a0\u00a0\u00a0\u00a0\u00a0\u00a0\u00a0\u00a0\u00a0\u00a0\u00a0 <\/em><\/p><p><em>\u00a0<\/em><strong><em>Gedanken zur Meditation:<\/em><\/strong><\/p><p><strong><em>\u00a0\u00a0\u00a0\u00a0\u00a0\u00a0\u00a0\u00a0\u00a0\u00a0\u00a0\u00a0\u00a0\u00a0 <\/em><\/strong><em>\u201e Pragnienie jedno\u015bci sprawia, \u017ce kierujemy wzrok ku Eucharystii, kt\u00f3ra jest <\/em><\/p><p><em>\u00a0\u00a0\u00a0\u00a0\u00a0\u00a0\u00a0\u00a0\u00a0\u00a0\u00a0\u00a0\u00a0\u00a0\u00a0\u00a0\u00a0 sakramentem jedno\u015bci Ludu Bo\u017cego, jej stosownym znakiem i cudown\u0105<\/em><\/p><p><em>\u00a0\u00a0\u00a0\u00a0\u00a0\u00a0\u00a0\u00a0\u00a0\u00a0\u00a0\u00a0\u00a0\u00a0\u00a0\u00a0\u00a0 przyczyn\u0105. Sprawuj\u0105c Ofiar\u0119 eucharystyczn\u0105, Ko\u015bci\u00f3\u0142 zanosi b\u0142aganie do <\/em><\/p><p><em>\u00a0\u00a0\u00a0\u00a0\u00a0\u00a0\u00a0\u00a0\u00a0\u00a0\u00a0\u00a0\u00a0\u00a0\u00a0\u00a0\u00a0 Boga Ojca mi\u0142osierdzia, aby udzieli\u0142 swoim synom pe\u0142ni Ducha Swi\u0119tego, tak by stali si\u0119 w Chrystusie<\/em><\/p><p><em>\u00a0\u00a0\u00a0\u00a0\u00a0\u00a0\u00a0\u00a0\u00a0\u00a0\u00a0\u00a0\u00a0\u00a0\u00a0\u00a0\u00a0 jednym cia\u0142em i jednym duchem.\u201d<\/em><\/p><p><em>\u00a0\u00a0\u00a0\u00a0\u00a0\u00a0\u00a0\u00a0\u00a0\u00a0\u00a0\u00a0\u00a0\u00a0\u00a0\u00a0\u00a0\u00a0\u00a0\u00a0\u00a0\u00a0\u00a0\u00a0\u00a0\u00a0\u00a0\u00a0\u00a0\u00a0\u00a0\u00a0\u00a0\u00a0\u00a0\u00a0\u00a0\u00a0\u00a0\u00a0\u00a0\u00a0\u00a0\u00a0\u00a0\u00a0\u00a0\u00a0\u00a0\u00a0\u00a0\u00a0\u00a0\u00a0\u00a0\u00a0\u00a0\u00a0\u00a0\u00a0\u00a0\u00a0\u00a0\u00a0\u00a0\u00a0\u00a0\u00a0\u00a0\u00a0\u00a0\u00a0\u00a0\u00a0\u00a0\u00a0\u00a0\u00a0\u00a0\u00a0\u00a0\u00a0\u00a0\u00a0\u00a0\u00a0\u00a0\u00a0\u00a0\u00a0\u00a0\u00a0\u00a0 \u00a0\u00a0\u00a0\u00a0\u00a0\u00a0\u00a0\u00a0\u00a0\u00a0\u00a0\u00a0\u00a0\u00a0\u00a0\u00a0\u00a0\u00a0\u00a0\u00a0\u00a0\u00a0\u00a0\u00a0\u00a0\u00a0\u00a0\u00a0 Johannes Paul II., Ecclesia de Eucharistia \/43\/<\/em><\/p><p><strong><em>Gemeinschaftsleben<\/em><\/strong><\/p><p><strong><em>Der Gottesdienst in Linz findet in der Herz Jesu Kirche, Lissag. 4. um 11.00 Uhr statt. <\/em><\/strong><\/p><p><strong><em>W niedziele przed Msz\u0105 \u015bw. Koronka do Bo\u017cego Mi\u0142osierdzia ok. godz.10.45.\u00a0 <\/em><\/strong><strong>Wir laden ein<em> zusammen zu beten. Nach der Messe Gelegenheit zur Beichte des Hl. \u00a0<\/em><\/strong><\/p><p><strong>HEILIGE WOCHE :\u00a0 <\/strong><\/p><p><strong>02.04. Wielki Czwartek \u2013 <\/strong>Pami\u0105tka ustanowienia sakramentu Eucharystii i<\/p><p>\u00a0\u00a0\u00a0\u00a0\u00a0\u00a0\u00a0\u00a0\u00a0\u00a0\u00a0 Kap\u0142a\u0144stwa<strong>.<\/strong><\/p><p><strong>03.04. Wielki Pi\u0105tek \u2013 dzie\u0144 M\u0119ki i \u015bmierci Chrystusa Pana. <\/strong><\/p><p><strong>\u00a0\u00a0\u00a0\u00a0\u00a0\u00a0\u00a0\u00a0\u00a0\u00a0 Obowi\u0105zuje post \u015bcis\u0142y!<\/strong><\/p><p><strong>04.04. Wielka Sobota \u2013 <\/strong>der Tag der Anbetung Christi im Grab und Warten auf ihn<\/p><p>\u00a0\u00a0\u00a0\u00a0\u00a0\u00a0\u00a0\u00a0\u00a0\u00a0\u00a0 Auferstehung. <strong>Bestellung f\u00fcr die Segnung der Osterspeisen:<\/strong><\/p><p>\u00a0\u00a0\u00a0\u00a0\u00a0\u00a0\u00a0\u00a0\u00a0\u00a0\u00a0\u00a0\u00a0\u00a0\u00a0\u00a0\u00a0 <strong>Klaus \u2013 <\/strong>11.00 Uhr;<strong> Wels \u2013 <\/strong>Zeit. 12.00; <strong>Menstruation \u2013 <\/strong>Zeit. 13.00; <strong>Linz \u2013 <\/strong><\/p><p><strong>\u00a0\u00a0\u00a0\u00a0\u00a0\u00a0\u00a0\u00a0\u00a0\u00a0\u00a0\u00a0\u00a0\u00a0\u00a0\u00a0 <\/strong>Zeit. 15.00.<\/p><p>\u00a0\u00a0\u00a0\u00a0\u00a0\u00a0\u00a0\u00a0\u00a0\u00a0\u00a0\u00a0\u00a0\u00a0\u00a0\u00a0\u00a0 <strong><em>Spotkanie wielkanocne Polonii, organizowane przez Rad\u0119 <\/em><\/strong><\/p><p><strong><em>\u00a0\u00a0\u00a0\u00a0\u00a0\u00a0\u00a0\u00a0\u00a0\u00a0\u00a0\u00a0\u00a0\u00a0\u00a0\u00a0 <\/em><\/strong><strong><em>Duszpastersk\u0105 ok. godz. 15.30 w Haus der Frau, 4020 Linz,<\/em><\/strong><\/p><p><strong><em>\u00a0\u00a0\u00a0\u00a0\u00a0\u00a0\u00a0\u00a0\u00a0\u00a0\u00a0\u00a0\u00a0\u00a0\u00a0 \u00a0Volksgartenstr.18.<\/em><\/strong><\/p><p><strong>05.04.\u00a0 UROCZYSTO\u015a\u0106\u00a0 ZMARTWYCHWSTANIA\u00a0 PA\u0143SKIEGO.<\/strong><\/p><p><strong>\u00a0\u00a0\u00a0\u00a0\u00a0\u00a0\u00a0\u00a0\u00a0\u00a0\u00a0 heilige Messe in Linz bei 11.00.<\/strong><\/p><p><strong>\u00a0<\/strong>\u00a0\u00a0\u00a0\u00a0\u00a0\u00a0\u00a0\u00a0\u00a0\u00a0\u00a0 heilige Messe in <strong>Steyr<\/strong>\/4400, Rooseveltstr. 10\/o Stunden<strong>. 15.00.<\/strong><\/p><p><strong>06.04.\u00a0 Poniedzia\u0142ek Wielkanocny.<\/strong><\/p><p><strong>\u00a0\u00a0\u00a0\u00a0\u00a0\u00a0\u00a0\u00a0\u00a0\u00a0\u00a0 <\/strong>heilige Messe in Linz bei 11.00.<\/p><p><strong>12.04.\u00a0 Bia\u0142a Niedziela \u2013 Niedziela Bo\u017cego Mi\u0142osierdzia.<\/strong><\/p><p><strong>\u00a0\u00a0\u00a0\u00a0\u00a0\u00a0\u00a0\u00a0\u00a0\u00a0\u00a0 UWAGA! Ze wzgl\u0119du na maraton w Linzu \u2013 nie ma Mszy \u015bw. w Linzu.<\/strong><\/p><p>\u00a0\u00a0\u00a0\u00a0\u00a0\u00a0\u00a0\u00a0\u00a0\u00a0\u00a0\u00a0 heilige Messe in <strong>Welsie\/<\/strong>4600 K\u00f6nigsegerstr.20\/o h.<strong>14,30.<\/strong><\/p><p><strong>19.04.\u00a0 3 Niedziela Wielkanocna.<\/strong><\/p><p><strong>\u00a0\u00a0\u00a0\u00a0\u00a0\u00a0\u00a0\u00a0 \u00a0\u00a0 <\/strong>heilige Messe in Linz bei 11.00. Nach der Messe Katechese f\u00fcr Kinder der 1. Klasse<\/p><p>\u00a0\u00a0\u00a0\u00a0\u00a0\u00a0\u00a0\u00a0\u00a0\u00a0\u00a0\u00a0 komunijnych.Msza \u015bw. w <strong>Klaus\/<\/strong>4564, Klaus adP 34\/at<strong>15.00.<\/strong> \u00a0<\/p><p><strong>26.04.\u00a0 4 Niedziela Wielkanocna<\/strong><\/p><p><strong>\u00a0\u00a0\u00a0\u00a0\u00a0\u00a0\u00a0\u00a0 \u00a0\u00a0 <\/strong>Msza \u015bw. w Linzu ze szczeg\u00f3lnym udzia\u0142em dzieci o godz.11,00. Po Mszy<\/p><p>\u00a0\u00a0\u00a0\u00a0\u00a0\u00a0\u00a0\u00a0\u00a0\u00a0\u00a0\u00a0 \u015bw. katechizacja dla dzieci I \u2013szo komunijnych.<\/p><p><strong><em>Massenabsichten in Linz<\/em><\/strong><\/p><p><strong><em>\u00a0\u00a0\u00a0\u00a0\u00a0\u00a0\u00a0\u00a0\u00a0\u00a0\u00a0\u00a0\u00a0\u00a0\u00a0\u00a0\u00a0\u00a0\u00a0\u00a0 <\/em><\/strong>05.04.\u00a0 za + El\u017cbiet\u0119 W\u0142adys\u0142awa Burdy\u0144skich<\/p><p>\u00a0\u00a0\u00a0\u00a0\u00a0\u00a0\u00a0\u00a0\u00a0\u00a0\u00a0\u00a0\u00a0\u00a0\u00a0\u00a0\u00a0 \u00a0\u00a0\u00a006.04.\u00a0 za + z rodziny Chorz\u0119p\u00f3w, rodzic\u00f3w i braci<\/p><p>\u00a0\u00a0\u00a0\u00a0\u00a0\u00a0\u00a0\u00a0 \u00a0\u00a0\u00a0\u00a0\u00a0\u00a0\u00a0\u00a0 \u00a0\u00a019.04.\u00a0 dzi\u0119kczynno-b\u0142agalna dla Anny z ok. rocz. urodzin<\/p><p><strong>\u00a0\u00a0\u00a0\u00a0\u00a0\u00a0\u00a0\u00a0\u00a0\u00a0\u00a0\u00a0\u00a0\u00a0\u00a0\u00a0\u00a0\u00a0\u00a0\u00a0\u00a0\u00a0\u00a0\u00a0\u00a0\u00a0\u00a0\u00a0\u00a0\u00a0 w int. ZPwGA w 80 rocznic\u0119 za\u0142o\u017cenia<\/strong><\/p><p>\u00a0\u00a0\u00a0\u00a0\u00a0\u00a0\u00a0\u00a0\u00a0\u00a0\u00a0\u00a0\u00a0\u00a0\u00a0\u00a0\u00a0\u00a0\u00a0\u00a0 26.04.\u00a0 za + Mariusza Adamiaka i ojca J\u00f3zefa<\/p><p><strong><em>\u00a0\u00a0\u00a0\u00a0\u00a0\u00a0\u00a0\u00a0\u00a0\u00a0\u00a0\u00a0\u00a0 Kontakttelefonnummer des Hirten: 0664 35 64 742<\/em><\/strong><\/p>\t\t\t\t\t\t\t\t<\/div>\n\t\t\t\t\t<\/div>\n\t\t<\/div>\n\t\t\t\t\t<\/div>\n\t\t<\/section>\n\t\t\t\t<\/div>","protected":false},"excerpt":{"rendered":"<p>Duszpasterstwo Polonijne w G\u00f3rnej Austrii DUSZPASTERSTWO\u00a0 POLONIJNE\u00a0 W GR\u00d3NEJ\u00a0 AUSTRII \u00a0\u00a0\u00a0\u00a0\u00a0\u00a0\u00a0\u00a0\u00a0\u00a0\u00a0\u00a0\u00a0\u00a0\u00a0\u00a0\u00a0\u00a0\u00a0\u00a0\u00a0\u00a0\u00a0\u00a0\u00a0\u00a0\u00a0\u00a0\u00a0\u00a0\u00a0\u00a0\u00a0\u00a0\u00a0\u00a0\u00a0\u00a0\u00a0\u00a0\u00a0\u00a0\u00a0\u00a0 \u00a0\u00a0\u00a0\u00a0\u00a0\u00a0\u00a0\u00a0\u00a0\u00a0\u00a0\u00a0\u00a0\u00a0\u00a0\u00a0 Informacje: \u00a0\u00a0K w i e c i e \u0144\u00a0\u00a0 2026 \u00a0\u00a0&#8211; nr\u00a0 4\/256\u00a0\u00a0\u00a0\u00a0\u00a0\u00a0\u00a0\u00a0\u00a0\u00a0\u00a0 \u00a0My\u015bli do medytacji: \u00a0\u00a0\u00a0\u00a0\u00a0\u00a0\u00a0\u00a0\u00a0\u00a0\u00a0\u00a0\u00a0\u00a0 \u201e Pragnienie jedno\u015bci sprawia, \u017ce kierujemy wzrok ku Eucharystii, kt\u00f3ra jest \u00a0\u00a0\u00a0\u00a0\u00a0\u00a0\u00a0\u00a0\u00a0\u00a0\u00a0\u00a0\u00a0\u00a0\u00a0\u00a0\u00a0 sakramentem jedno\u015bci Ludu Bo\u017cego, jej stosownym znakiem i cudown\u0105 \u00a0\u00a0\u00a0\u00a0\u00a0\u00a0\u00a0\u00a0\u00a0\u00a0\u00a0\u00a0\u00a0\u00a0\u00a0\u00a0\u00a0 przyczyn\u0105. Sprawuj\u0105c Ofiar\u0119 eucharystyczn\u0105, &#8230; <a title=\"Pfarre\" class=\"read-more\" href=\"https:\/\/poloniaoberoesterreich.com\/de\/ministerium\/\" aria-label=\"Read more about Duszpasterstwo\">Mehr lesen<\/a><\/p>","protected":false},"author":1,"featured_media":0,"parent":0,"menu_order":0,"comment_status":"closed","ping_status":"closed","template":"elementor_header_footer","meta":{"_seopress_robots_primary_cat":"","_seopress_titles_title":"%%post_title%%","_seopress_titles_desc":"","_seopress_robots_index":"","ngg_post_thumbnail":0,"footnotes":""},"class_list":["post-22082","page","type-page","status-publish"],"_links":{"self":[{"href":"https:\/\/poloniaoberoesterreich.com\/de\/wp-json\/wp\/v2\/pages\/22082","targetHints":{"allow":["GET"]}}],"collection":[{"href":"https:\/\/poloniaoberoesterreich.com\/de\/wp-json\/wp\/v2\/pages"}],"about":[{"href":"https:\/\/poloniaoberoesterreich.com\/de\/wp-json\/wp\/v2\/types\/page"}],"author":[{"embeddable":true,"href":"https:\/\/poloniaoberoesterreich.com\/de\/wp-json\/wp\/v2\/users\/1"}],"replies":[{"embeddable":true,"href":"https:\/\/poloniaoberoesterreich.com\/de\/wp-json\/wp\/v2\/comments?post=22082"}],"version-history":[{"count":3,"href":"https:\/\/poloniaoberoesterreich.com\/de\/wp-json\/wp\/v2\/pages\/22082\/revisions"}],"predecessor-version":[{"id":147819,"href":"https:\/\/poloniaoberoesterreich.com\/de\/wp-json\/wp\/v2\/pages\/22082\/revisions\/147819"}],"wp:attachment":[{"href":"https:\/\/poloniaoberoesterreich.com\/de\/wp-json\/wp\/v2\/media?parent=22082"}],"curies":[{"name":"wp","href":"https:\/\/api.w.org\/{rel}","templated":true}]}}