{"id":22430,"date":"2022-08-01T08:56:08","date_gmt":"2022-08-01T06:56:08","guid":{"rendered":"https:\/\/poloniaoberoesterreich.com\/?page_id=22430"},"modified":"2025-09-15T09:31:19","modified_gmt":"2025-09-15T07:31:19","slug":"kindergarten","status":"publish","type":"page","link":"https:\/\/poloniaoberoesterreich.com\/de\/kindergarten\/","title":{"rendered":"Kindergarten &#034;Oberek&#034;"},"content":{"rendered":"<div data-elementor-type=\"wp-page\" data-elementor-id=\"22430\" class=\"elementor elementor-22430\" data-elementor-post-type=\"page\">\n\t\t\t\t\t\t<section class=\"elementor-section elementor-top-section elementor-element elementor-element-472e5beb elementor-section-boxed elementor-section-height-default elementor-section-height-default\" data-id=\"472e5beb\" data-element_type=\"section\">\n\t\t\t\t\t\t<div class=\"elementor-container elementor-column-gap-default\">\n\t\t\t\t\t<div class=\"elementor-column elementor-col-100 elementor-top-column elementor-element elementor-element-d1d5743\" data-id=\"d1d5743\" data-element_type=\"column\" data-settings=\"{&quot;background_background&quot;:&quot;classic&quot;}\">\n\t\t\t<div class=\"elementor-widget-wrap elementor-element-populated\">\n\t\t\t\t\t\t<div class=\"elementor-element elementor-element-82d57d4 elementor-widget elementor-widget-heading\" data-id=\"82d57d4\" data-element_type=\"widget\" data-widget_type=\"heading.default\">\n\t\t\t\t\t<h1 class=\"elementor-heading-title elementor-size-default\">Kindergarten \"Oberek\"<\/h1>\t\t\t\t<\/div>\n\t\t\t\t\t<\/div>\n\t\t<\/div>\n\t\t\t\t\t<\/div>\n\t\t<\/section>\n\t\t\t\t<section class=\"elementor-section elementor-top-section elementor-element elementor-element-bd53be1 elementor-section-boxed elementor-section-height-default elementor-section-height-default\" data-id=\"bd53be1\" data-element_type=\"section\">\n\t\t\t\t\t\t<div class=\"elementor-container elementor-column-gap-default\">\n\t\t\t\t\t<div class=\"elementor-column elementor-col-100 elementor-top-column elementor-element elementor-element-7beb36a\" data-id=\"7beb36a\" data-element_type=\"column\" data-settings=\"{&quot;background_background&quot;:&quot;classic&quot;}\">\n\t\t\t<div class=\"elementor-widget-wrap elementor-element-populated\">\n\t\t\t\t\t\t<section class=\"elementor-section elementor-inner-section elementor-element elementor-element-118e55a elementor-section-boxed elementor-section-height-default elementor-section-height-default\" data-id=\"118e55a\" data-element_type=\"section\">\n\t\t\t\t\t\t<div class=\"elementor-container elementor-column-gap-default\">\n\t\t\t\t\t<div class=\"elementor-column elementor-col-100 elementor-inner-column elementor-element elementor-element-ad2fd92\" data-id=\"ad2fd92\" data-element_type=\"column\">\n\t\t\t<div class=\"elementor-widget-wrap elementor-element-populated\">\n\t\t\t\t\t\t<div class=\"elementor-element elementor-element-e2c8b94 elementor-widget elementor-widget-heading\" data-id=\"e2c8b94\" data-element_type=\"widget\" data-widget_type=\"heading.default\">\n\t\t\t\t\t<h2 class=\"elementor-heading-title elementor-size-default\">Liebe Eltern, liebe Kinder!<\/h2>\t\t\t\t<\/div>\n\t\t\t\t<div class=\"elementor-element elementor-element-bdb80f0 elementor-widget elementor-widget-text-editor\" data-id=\"bdb80f0\" data-element_type=\"widget\" data-widget_type=\"text-editor.default\">\n\t\t\t\t\t\t\t\t\t<p>Die Pflege der polnischen Kultur setzen wir in Form des Kindergartens \u201eOberek\u201c fort. Unser Unterricht ist mit Lernen und Spa\u00df verbunden. Alle willigen Kinder sind eingeladen, an diesem Projekt teilzunehmen.<\/p><p>Der Unterricht im Schuljahr 2025\/2026 wird von Anna Oliwinska geleitet, die eine Ausbildung zur Vorschullehrerin hat.<\/p><p>Sie sind herzlich eingeladen.<\/p><p>Zahlung - 3 Euro\/Kind\/Aktivit\u00e4t<\/p>\t\t\t\t\t\t\t\t<\/div>\n\t\t\t\t<div class=\"elementor-element elementor-element-4438d44 elementor-widget elementor-widget-text-editor\" data-id=\"4438d44\" data-element_type=\"widget\" data-widget_type=\"text-editor.default\">\n\t\t\t\t\t\t\t\t\t<h3><a href=\"https:\/\/poloniaoberoesterreich.com\/de\/fotogallerie\/2024-foto-galerie\/nggallery\/album\/oberek-kindergarten\/\"><strong>Fotogalerie des Kindergartens \"Oberek\" - hier dr\u00fccken<\/strong><\/a><\/h3>\t\t\t\t\t\t\t\t<\/div>\n\t\t\t\t<div class=\"elementor-element elementor-element-65c4745 elementor-widget elementor-widget-gallery\" data-id=\"65c4745\" data-element_type=\"widget\" data-settings=\"{&quot;columns&quot;:3,&quot;lazyload&quot;:&quot;yes&quot;,&quot;gallery_layout&quot;:&quot;grid&quot;,&quot;columns_tablet&quot;:2,&quot;columns_mobile&quot;:1,&quot;gap&quot;:{&quot;unit&quot;:&quot;px&quot;,&quot;size&quot;:10,&quot;sizes&quot;:[]},&quot;gap_tablet&quot;:{&quot;unit&quot;:&quot;px&quot;,&quot;size&quot;:10,&quot;sizes&quot;:[]},&quot;gap_mobile&quot;:{&quot;unit&quot;:&quot;px&quot;,&quot;size&quot;:10,&quot;sizes&quot;:[]},&quot;link_to&quot;:&quot;file&quot;,&quot;aspect_ratio&quot;:&quot;3:2&quot;,&quot;overlay_background&quot;:&quot;yes&quot;,&quot;content_hover_animation&quot;:&quot;fade-in&quot;}\" data-widget_type=\"gallery.default\">\n\t\t\t\t\t\t\t<div class=\"elementor-gallery__container\">\n\t\t\t\t\t\t\t<a class=\"e-gallery-item elementor-gallery-item elementor-animated-content\" href=\"https:\/\/poloniaoberoesterreich.com\/wp-content\/uploads\/2022\/08\/Przedszkole-Oberek_01.jpg\" data-elementor-open-lightbox=\"yes\" data-elementor-lightbox-slideshow=\"65c4745\" data-elementor-lightbox-title=\"Przedszkole Oberek_01\" data-e-action-hash=\"#elementor-action%3Aaction%3Dlightbox%26settings%3DeyJpZCI6MjI0NDUsInVybCI6Imh0dHBzOlwvXC9wb2xvbmlhb2Jlcm9lc3RlcnJlaWNoLmNvbVwvd3AtY29udGVudFwvdXBsb2Fkc1wvMjAyMlwvMDhcL1ByemVkc3prb2xlLU9iZXJla18wMS5qcGciLCJzbGlkZXNob3ciOiI2NWM0NzQ1In0%3D\">\n\t\t\t\t\t<div class=\"e-gallery-image elementor-gallery-item__image\" data-thumbnail=\"https:\/\/poloniaoberoesterreich.com\/wp-content\/uploads\/2022\/08\/Przedszkole-Oberek_01.jpg\" data-width=\"1599\" data-height=\"1200\" aria-label=\"\" role=\"img\" ><\/div>\n\t\t\t\t\t\t\t\t\t\t\t<div class=\"elementor-gallery-item__overlay\"><\/div>\n\t\t\t\t\t\t\t\t\t\t\t\t\t\t<\/a>\n\t\t\t\t\t\t\t<a class=\"e-gallery-item elementor-gallery-item elementor-animated-content\" href=\"https:\/\/poloniaoberoesterreich.com\/wp-content\/uploads\/2022\/08\/Przedszkole-Oberek_02.jpg\" data-elementor-open-lightbox=\"yes\" data-elementor-lightbox-slideshow=\"65c4745\" data-elementor-lightbox-title=\"Przedszkole Oberek_02\" data-e-action-hash=\"#elementor-action%3Aaction%3Dlightbox%26settings%3DeyJpZCI6MjI0NTAsInVybCI6Imh0dHBzOlwvXC9wb2xvbmlhb2Jlcm9lc3RlcnJlaWNoLmNvbVwvd3AtY29udGVudFwvdXBsb2Fkc1wvMjAyMlwvMDhcL1ByemVkc3prb2xlLU9iZXJla18wMi5qcGciLCJzbGlkZXNob3ciOiI2NWM0NzQ1In0%3D\">\n\t\t\t\t\t<div class=\"e-gallery-image elementor-gallery-item__image\" data-thumbnail=\"https:\/\/poloniaoberoesterreich.com\/wp-content\/uploads\/2022\/08\/Przedszkole-Oberek_02.jpg\" data-width=\"1200\" data-height=\"1599\" aria-label=\"\" role=\"img\" ><\/div>\n\t\t\t\t\t\t\t\t\t\t\t<div class=\"elementor-gallery-item__overlay\"><\/div>\n\t\t\t\t\t\t\t\t\t\t\t\t\t\t<\/a>\n\t\t\t\t\t\t\t<a class=\"e-gallery-item elementor-gallery-item elementor-animated-content\" href=\"https:\/\/poloniaoberoesterreich.com\/wp-content\/uploads\/2022\/08\/Przedszkole-Oberek_03.jpg\" data-elementor-open-lightbox=\"yes\" data-elementor-lightbox-slideshow=\"65c4745\" data-elementor-lightbox-title=\"Przedszkole Oberek_03\" data-e-action-hash=\"#elementor-action%3Aaction%3Dlightbox%26settings%3DeyJpZCI6MjI0NTIsInVybCI6Imh0dHBzOlwvXC9wb2xvbmlhb2Jlcm9lc3RlcnJlaWNoLmNvbVwvd3AtY29udGVudFwvdXBsb2Fkc1wvMjAyMlwvMDhcL1ByemVkc3prb2xlLU9iZXJla18wMy5qcGciLCJzbGlkZXNob3ciOiI2NWM0NzQ1In0%3D\">\n\t\t\t\t\t<div class=\"e-gallery-image elementor-gallery-item__image\" data-thumbnail=\"https:\/\/poloniaoberoesterreich.com\/wp-content\/uploads\/2022\/08\/Przedszkole-Oberek_03.jpg\" data-width=\"1599\" data-height=\"1200\" aria-label=\"\" role=\"img\" ><\/div>\n\t\t\t\t\t\t\t\t\t\t\t<div class=\"elementor-gallery-item__overlay\"><\/div>\n\t\t\t\t\t\t\t\t\t\t\t\t\t\t<\/a>\n\t\t\t\t\t<\/div>\n\t\t\t\t\t<\/div>\n\t\t\t\t\t<\/div>\n\t\t<\/div>\n\t\t\t\t\t<\/div>\n\t\t<\/section>\n\t\t\t\t\t<\/div>\n\t\t<\/div>\n\t\t\t\t\t<\/div>\n\t\t<\/section>\n\t\t\t\t<section class=\"elementor-section elementor-top-section elementor-element elementor-element-7504d3f elementor-section-boxed elementor-section-height-default elementor-section-height-default\" data-id=\"7504d3f\" data-element_type=\"section\">\n\t\t\t\t\t\t<div class=\"elementor-container elementor-column-gap-default\">\n\t\t\t\t\t<div class=\"elementor-column elementor-col-100 elementor-top-column elementor-element elementor-element-eed33b4\" data-id=\"eed33b4\" data-element_type=\"column\" data-settings=\"{&quot;background_background&quot;:&quot;classic&quot;}\">\n\t\t\t<div class=\"elementor-widget-wrap elementor-element-populated\">\n\t\t\t\t\t\t<section class=\"elementor-section elementor-inner-section elementor-element elementor-element-4aaa4ee elementor-section-boxed elementor-section-height-default elementor-section-height-default\" data-id=\"4aaa4ee\" data-element_type=\"section\">\n\t\t\t\t\t\t<div class=\"elementor-container elementor-column-gap-default\">\n\t\t\t\t\t<div class=\"elementor-column elementor-col-100 elementor-inner-column elementor-element elementor-element-d7bd93d\" data-id=\"d7bd93d\" data-element_type=\"column\">\n\t\t\t<div class=\"elementor-widget-wrap elementor-element-populated\">\n\t\t\t\t\t\t<div class=\"elementor-element elementor-element-fdc35e9 elementor-widget elementor-widget-heading\" data-id=\"fdc35e9\" data-element_type=\"widget\" data-widget_type=\"heading.default\">\n\t\t\t\t\t<h6 class=\"elementor-heading-title elementor-size-default\">Der Unterricht findet im Volkshaus Kleinm\u00fcnchen, Dauphinestra\u00dfe 19, 4030 Linz um 10:00 Uhr an folgenden Terminen statt:<\/h6>\t\t\t\t<\/div>\n\t\t\t\t\t<\/div>\n\t\t<\/div>\n\t\t\t\t\t<\/div>\n\t\t<\/section>\n\t\t\t\t<section class=\"elementor-section elementor-inner-section elementor-element elementor-element-ac7cf38 elementor-section-boxed elementor-section-height-default elementor-section-height-default\" data-id=\"ac7cf38\" data-element_type=\"section\">\n\t\t\t\t\t\t<div class=\"elementor-container elementor-column-gap-default\">\n\t\t\t\t\t<div class=\"elementor-column elementor-col-33 elementor-inner-column elementor-element elementor-element-b042ece\" data-id=\"b042ece\" data-element_type=\"column\">\n\t\t\t<div class=\"elementor-widget-wrap elementor-element-populated\">\n\t\t\t\t\t\t<div class=\"elementor-element elementor-element-8b63abb elementor-widget elementor-widget-text-editor\" data-id=\"8b63abb\" data-element_type=\"widget\" data-widget_type=\"text-editor.default\">\n\t\t\t\t\t\t\t\t\t<p><strong>13. September 2025<\/strong><\/p><p><span style=\"color: #ff0000;\"><strong>20. September 2025<\/strong><\/span><\/p><p><span style=\"color: #000000;\"><strong>11. Oktober 2025<\/strong><\/span><\/p><p><span style=\"color: #ff0000;\"><strong>18. Oktober 2025<\/strong><\/span><\/p><p><strong>08. November 2025<\/strong><\/p><p><span style=\"color: #ff0000;\"><strong>22. November 2025<\/strong><\/span><\/p><p><span style=\"color: #000000;\"><strong>13. Dezember 2025<\/strong><\/span><\/p>\t\t\t\t\t\t\t\t<\/div>\n\t\t\t\t\t<\/div>\n\t\t<\/div>\n\t\t\t\t<div class=\"elementor-column elementor-col-33 elementor-inner-column elementor-element elementor-element-6e0b4e0\" data-id=\"6e0b4e0\" data-element_type=\"column\">\n\t\t\t<div class=\"elementor-widget-wrap elementor-element-populated\">\n\t\t\t\t\t\t<div class=\"elementor-element elementor-element-a070a73 elementor-widget elementor-widget-text-editor\" data-id=\"a070a73\" data-element_type=\"widget\" data-widget_type=\"text-editor.default\">\n\t\t\t\t\t\t\t\t\t<p><span style=\"color: #000000;\"><strong>17. Januar 2026<\/strong><\/span><\/p><p><span style=\"color: #ff0000;\"><strong>24. Januar 2026<\/strong><\/span><\/p><p><strong><span style=\"color: #000000;\">07. Februar 2026<\/span><\/strong><\/p><p><span style=\"color: #ff0000;\"><strong>28. Februar 2026<\/strong><\/span><\/p><p><span style=\"color: #000000;\"><strong>14. M\u00e4rz 2026<\/strong><\/span><\/p>\t\t\t\t\t\t\t\t<\/div>\n\t\t\t\t\t<\/div>\n\t\t<\/div>\n\t\t\t\t<div class=\"elementor-column elementor-col-33 elementor-inner-column elementor-element elementor-element-7a7bfe6\" data-id=\"7a7bfe6\" data-element_type=\"column\">\n\t\t\t<div class=\"elementor-widget-wrap elementor-element-populated\">\n\t\t\t\t\t\t<div class=\"elementor-element elementor-element-84adf8c elementor-widget elementor-widget-text-editor\" data-id=\"84adf8c\" data-element_type=\"widget\" data-widget_type=\"text-editor.default\">\n\t\t\t\t\t\t\t\t\t<p><span style=\"color: #ff0000;\"><strong>28. M\u00e4rz 2026<\/strong><\/span><\/p><p><span style=\"color: #000000;\"><strong>11. April 2026<\/strong><\/span><\/p><p><span style=\"color: #ff0000;\"><strong>25. April 2026<\/strong><\/span><\/p><p><strong>09. Mai 2026<\/strong><\/p><p><span style=\"color: #ff0000;\"><strong>30. Mai 2026<\/strong><\/span><\/p><p><strong>27. Juni 2026<\/strong><\/p>\t\t\t\t\t\t\t\t<\/div>\n\t\t\t\t\t<\/div>\n\t\t<\/div>\n\t\t\t\t\t<\/div>\n\t\t<\/section>\n\t\t\t\t<div class=\"elementor-element elementor-element-7352fa6 elementor-widget elementor-widget-text-editor\" data-id=\"7352fa6\" data-element_type=\"widget\" data-widget_type=\"text-editor.default\">\n\t\t\t\t\t\t\t\t\t<p style=\"text-align: center;\"><strong>Wir laden alle interessierten Kinder herzlich zu den Kursen ein.<\/strong><\/p>\t\t\t\t\t\t\t\t<\/div>\n\t\t\t\t<div class=\"elementor-element elementor-element-26e3195 elementor-widget elementor-widget-image\" data-id=\"26e3195\" data-element_type=\"widget\" data-widget_type=\"image.default\">\n\t\t\t\t\t\t\t\t\t\t\t\t\t\t\t<img fetchpriority=\"high\" decoding=\"async\" width=\"1536\" height=\"660\" src=\"https:\/\/poloniaoberoesterreich.com\/wp-content\/uploads\/2024\/09\/Przedszkole-Oberek-1536x660.jpg\" class=\"attachment-1536x1536 size-1536x1536 wp-image-108958\" alt=\"oberek kindergarten\" srcset=\"https:\/\/poloniaoberoesterreich.com\/wp-content\/uploads\/2024\/09\/Przedszkole-Oberek-1536x660.jpg 1536w, https:\/\/poloniaoberoesterreich.com\/wp-content\/uploads\/2024\/09\/Przedszkole-Oberek-300x129.jpg 300w, https:\/\/poloniaoberoesterreich.com\/wp-content\/uploads\/2024\/09\/Przedszkole-Oberek-1024x440.jpg 1024w, https:\/\/poloniaoberoesterreich.com\/wp-content\/uploads\/2024\/09\/Przedszkole-Oberek-768x330.jpg 768w, https:\/\/poloniaoberoesterreich.com\/wp-content\/uploads\/2024\/09\/Przedszkole-Oberek-18x8.jpg 18w, https:\/\/poloniaoberoesterreich.com\/wp-content\/uploads\/2024\/09\/Przedszkole-Oberek.jpg 1600w\" sizes=\"(max-width: 1536px) 100vw, 1536px\" \/>\t\t\t\t\t\t\t\t\t\t\t\t\t\t\t<\/div>\n\t\t\t\t<div class=\"elementor-element elementor-element-753a1ae elementor-widget elementor-widget-text-editor\" data-id=\"753a1ae\" data-element_type=\"widget\" data-widget_type=\"text-editor.default\">\n\t\t\t\t\t\t\t\t\t<p>Kontakt: Anna Oliwinska Tel. 0681\/20604662<\/p><p>Kontakt: Grazyna Kloibhofer Tel: 0660\/9369913, <strong>Email:<\/strong> g.kloibhofer@poloniaoberoesterreich.com<\/p><p>Anmeldung: Tel. +43 (0) 688\/64807888\nTel. +43 (0) 650\/9045133\nE-mail: office@poloniaoberoesterreich.com <strong>Email:<\/strong>\u00a0j.gaborek@poloniaoberoesterreich.com<\/p>\t\t\t\t\t\t\t\t<\/div>\n\t\t\t\t\t<\/div>\n\t\t<\/div>\n\t\t\t\t\t<\/div>\n\t\t<\/section>\n\t\t\t\t<section class=\"elementor-section elementor-top-section elementor-element elementor-element-34bdaae elementor-section-boxed elementor-section-height-default elementor-section-height-default\" data-id=\"34bdaae\" data-element_type=\"section\">\n\t\t\t\t\t\t<div class=\"elementor-container elementor-column-gap-default\">\n\t\t\t\t\t<div class=\"elementor-column elementor-col-100 elementor-top-column elementor-element elementor-element-fea58c7\" data-id=\"fea58c7\" data-element_type=\"column\" data-settings=\"{&quot;background_background&quot;:&quot;classic&quot;}\">\n\t\t\t<div class=\"elementor-widget-wrap elementor-element-populated\">\n\t\t\t\t\t\t<div class=\"elementor-element elementor-element-9872004 elementor-widget elementor-widget-heading\" data-id=\"9872004\" data-element_type=\"widget\" data-widget_type=\"heading.default\">\n\t\t\t\t\t<h2 class=\"elementor-heading-title elementor-size-default\">Fotor\u00fcckblick auf den Kindergarten \"Oberek\"<\/h2>\t\t\t\t<\/div>\n\t\t\t\t<div class=\"elementor-element elementor-element-8a0bc70 elementor-widget elementor-widget-shortcode\" data-id=\"8a0bc70\" data-element_type=\"widget\" data-widget_type=\"shortcode.default\">\n\t\t\t\t\t\t\t<div class=\"elementor-shortcode\">ngg_shortcode_0_platzhalter<\/div>\n\t\t\t\t\t\t<\/div>\n\t\t\t\t\t<\/div>\n\t\t<\/div>\n\t\t\t\t\t<\/div>\n\t\t<\/section>\n\t\t\t\t<\/div>","protected":false},"excerpt":{"rendered":"<p>Przedszkole \u201eOberek\u201d Drodzy rodzice, drogie dzieci! Piel\u0119gnacj\u0119 polskiej kultury kontynuujemy w formie przedszkola \u201eOberek\u201d. Zaj\u0119cia nasze przeplatane s\u0105 nauk\u0105 i zabaw\u0105. Wszystkie ch\u0119tne dzieci zapraszamy do udzia\u0142u w tym przedsi\u0119wzi\u0119ciu. Zaj\u0119cia w roku szkolnym 2025\/2026 prowadzi Anna Oliwi\u0144ska, kt\u00f3ra jest z wykszta\u0142cenia pedagogiem przedszkolnym. Serdecznie zapraszamy. Odp\u0142atno\u015b\u0107 &#8211; 3 Euro\/dziecko\/zaj\u0119cie Galeria zdj\u0119\u0107 Przedszkola \u201eOberek\u201d \u2013 &#8230; <a title=\"Kindergarten &quot;Oberek&quot;\" class=\"read-more\" href=\"https:\/\/poloniaoberoesterreich.com\/de\/kindergarten\/\" aria-label=\"Read more about Przedszkole &#8222;Oberek&#8221;\">Mehr lesen<\/a><\/p>","protected":false},"author":1,"featured_media":0,"parent":0,"menu_order":0,"comment_status":"closed","ping_status":"closed","template":"elementor_header_footer","meta":{"_seopress_robots_primary_cat":"","_seopress_titles_title":"","_seopress_titles_desc":"","_seopress_robots_index":"","ngg_post_thumbnail":0,"footnotes":""},"class_list":["post-22430","page","type-page","status-publish"],"_links":{"self":[{"href":"https:\/\/poloniaoberoesterreich.com\/de\/wp-json\/wp\/v2\/pages\/22430","targetHints":{"allow":["GET"]}}],"collection":[{"href":"https:\/\/poloniaoberoesterreich.com\/de\/wp-json\/wp\/v2\/pages"}],"about":[{"href":"https:\/\/poloniaoberoesterreich.com\/de\/wp-json\/wp\/v2\/types\/page"}],"author":[{"embeddable":true,"href":"https:\/\/poloniaoberoesterreich.com\/de\/wp-json\/wp\/v2\/users\/1"}],"replies":[{"embeddable":true,"href":"https:\/\/poloniaoberoesterreich.com\/de\/wp-json\/wp\/v2\/comments?post=22430"}],"version-history":[{"count":0,"href":"https:\/\/poloniaoberoesterreich.com\/de\/wp-json\/wp\/v2\/pages\/22430\/revisions"}],"wp:attachment":[{"href":"https:\/\/poloniaoberoesterreich.com\/de\/wp-json\/wp\/v2\/media?parent=22430"}],"curies":[{"name":"wp","href":"https:\/\/api.w.org\/{rel}","templated":true}]}}