{"id":686,"date":"2022-07-27T12:26:14","date_gmt":"2022-07-27T10:26:14","guid":{"rendered":"https:\/\/poloniaoberoesterreich.com\/?page_id=686"},"modified":"2024-09-26T12:59:32","modified_gmt":"2024-09-26T10:59:32","slug":"mitgliedschaft","status":"publish","type":"page","link":"https:\/\/poloniaoberoesterreich.com\/de\/mitgliedschaft\/","title":{"rendered":"Mitgliedschaft"},"content":{"rendered":"<div data-elementor-type=\"wp-page\" data-elementor-id=\"686\" class=\"elementor elementor-686\" data-elementor-post-type=\"page\">\n\t\t\t\t\t\t<section class=\"elementor-section elementor-top-section elementor-element elementor-element-472e5beb elementor-section-boxed elementor-section-height-default elementor-section-height-default\" data-id=\"472e5beb\" data-element_type=\"section\">\n\t\t\t\t\t\t<div class=\"elementor-container elementor-column-gap-default\">\n\t\t\t\t\t<div class=\"elementor-column elementor-col-100 elementor-top-column elementor-element elementor-element-d1d5743\" data-id=\"d1d5743\" data-element_type=\"column\" data-settings=\"{&quot;background_background&quot;:&quot;classic&quot;}\">\n\t\t\t<div class=\"elementor-widget-wrap elementor-element-populated\">\n\t\t\t\t\t\t\t<\/div>\n\t\t<\/div>\n\t\t\t\t\t<\/div>\n\t\t<\/section>\n\t\t\t\t<section class=\"elementor-section elementor-top-section elementor-element elementor-element-fe013ca elementor-section-boxed elementor-section-height-default elementor-section-height-default\" data-id=\"fe013ca\" data-element_type=\"section\">\n\t\t\t\t\t\t<div class=\"elementor-container elementor-column-gap-default\">\n\t\t\t\t\t<div class=\"elementor-column elementor-col-100 elementor-top-column elementor-element elementor-element-c05e4b3\" data-id=\"c05e4b3\" data-element_type=\"column\" data-settings=\"{&quot;background_background&quot;:&quot;classic&quot;}\">\n\t\t\t<div class=\"elementor-widget-wrap elementor-element-populated\">\n\t\t\t\t\t\t<div class=\"elementor-element elementor-element-53420fd elementor-widget elementor-widget-image\" data-id=\"53420fd\" data-element_type=\"widget\" data-widget_type=\"image.default\">\n\t\t\t\t\t\t\t\t\t\t\t\t\t\t\t<img decoding=\"async\" width=\"150\" height=\"206\" src=\"https:\/\/poloniaoberoesterreich.com\/wp-content\/uploads\/2022\/07\/logoWPwGA1.gif\" class=\"attachment-large size-large wp-image-612\" alt=\"\" \/>\t\t\t\t\t\t\t\t\t\t\t\t\t\t\t<\/div>\n\t\t\t\t<div class=\"elementor-element elementor-element-2c19bee elementor-widget elementor-widget-heading\" data-id=\"2c19bee\" data-element_type=\"widget\" data-widget_type=\"heading.default\">\n\t\t\t\t\t<h2 class=\"elementor-heading-title elementor-size-default\">Gemeinschaft der Polen in O\u00d6<\/h2>\t\t\t\t<\/div>\n\t\t\t\t<div class=\"elementor-element elementor-element-5d7a97e elementor-widget elementor-widget-text-editor\" data-id=\"5d7a97e\" data-element_type=\"widget\" data-widget_type=\"text-editor.default\">\n\t\t\t\t\t\t\t\t\t<p><strong>Die Mitgliedschaft in der WPwGA verpflichtet nicht zur Bezahlung von Mitgliedsbeitr\u00e4gen, sondern ist f\u00fcr uns eine Best\u00e4tigung f\u00fcr die Zugeh\u00f6rigkeit zur Organisation der Polonia.<\/strong><\/p><p><strong>Daf\u00fcr jedoch, dass Sie bereit sind, unsere T\u00e4tigkeit in der Polonia zu unterst\u00fctzen, danken wir herzlich und bitten Sie um einen finanziellen Beitrag auf das unten angegebene Bankkonto<\/strong><\/p><p><strong>Bankkonto:<br \/><\/strong>Allgemeine Sparkasse Ober\u00f6sterreich Bank AG 4020 Linz, Landstr. 55<\/p><p><strong>BIC: ASPKAT2LXXX<br \/><\/strong><strong>IBAN: AT892032032100091796<\/strong><\/p><p><strong>Wir m\u00f6chten Ihnen f\u00fcr den Beitritt zu unserer Organisation herzlich danken, denn Sie beweisen uns damit, dass Sie uns wohlwollend unterst\u00fctzen m\u00f6chten.<\/strong><\/p><p><strong>Vorstand WPwGA<\/strong><\/p>\t\t\t\t\t\t\t\t<\/div>\n\t\t\t\t\t<\/div>\n\t\t<\/div>\n\t\t\t\t\t<\/div>\n\t\t<\/section>\n\t\t\t\t<section class=\"elementor-section elementor-top-section elementor-element elementor-element-5170d29 elementor-section-boxed elementor-section-height-default elementor-section-height-default\" data-id=\"5170d29\" data-element_type=\"section\">\n\t\t\t\t\t\t<div class=\"elementor-container elementor-column-gap-default\">\n\t\t\t\t\t<div class=\"elementor-column elementor-col-100 elementor-top-column elementor-element elementor-element-81dc17c\" data-id=\"81dc17c\" data-element_type=\"column\" data-settings=\"{&quot;background_background&quot;:&quot;classic&quot;}\">\n\t\t\t<div class=\"elementor-widget-wrap elementor-element-populated\">\n\t\t\t\t\t\t<div class=\"elementor-element elementor-element-0cb3c69 elementor-widget elementor-widget-gallery\" data-id=\"0cb3c69\" data-element_type=\"widget\" data-settings=\"{&quot;columns&quot;:2,&quot;overlay_description&quot;:&quot;caption&quot;,&quot;lazyload&quot;:&quot;yes&quot;,&quot;gallery_layout&quot;:&quot;grid&quot;,&quot;columns_tablet&quot;:2,&quot;columns_mobile&quot;:1,&quot;gap&quot;:{&quot;unit&quot;:&quot;px&quot;,&quot;size&quot;:10,&quot;sizes&quot;:[]},&quot;gap_tablet&quot;:{&quot;unit&quot;:&quot;px&quot;,&quot;size&quot;:10,&quot;sizes&quot;:[]},&quot;gap_mobile&quot;:{&quot;unit&quot;:&quot;px&quot;,&quot;size&quot;:10,&quot;sizes&quot;:[]},&quot;link_to&quot;:&quot;file&quot;,&quot;aspect_ratio&quot;:&quot;3:2&quot;,&quot;overlay_background&quot;:&quot;yes&quot;,&quot;content_hover_animation&quot;:&quot;fade-in&quot;}\" data-widget_type=\"gallery.default\">\n\t\t\t\t\t\t\t<div class=\"elementor-gallery__container\">\n\t\t\t\t\t\t\t<a class=\"e-gallery-item elementor-gallery-item elementor-animated-content\" href=\"https:\/\/poloniaoberoesterreich.com\/wp-content\/uploads\/2022\/07\/legitymacja-czlonkowska_s_1.jpg\" data-elementor-open-lightbox=\"yes\" data-elementor-lightbox-slideshow=\"0cb3c69\" data-elementor-lightbox-title=\"legitymacja-czlonkowska_s_1\" data-elementor-lightbox-description=\"Strona 1\" data-e-action-hash=\"#elementor-action%3Aaction%3Dlightbox%26settings%3DeyJpZCI6MjE5NDUsInVybCI6Imh0dHBzOlwvXC9wb2xvbmlhb2Jlcm9lc3RlcnJlaWNoLmNvbVwvd3AtY29udGVudFwvdXBsb2Fkc1wvMjAyMlwvMDdcL2xlZ2l0eW1hY2phLWN6bG9ua293c2thX3NfMS5qcGciLCJzbGlkZXNob3ciOiIwY2IzYzY5In0%3D\">\n\t\t\t\t\t<div class=\"e-gallery-image elementor-gallery-item__image\" data-thumbnail=\"https:\/\/poloniaoberoesterreich.com\/wp-content\/uploads\/2022\/07\/legitymacja-czlonkowska_s_1.jpg\" data-width=\"1016\" data-height=\"658\" aria-label=\"\" role=\"img\" ><\/div>\n\t\t\t\t\t\t\t\t\t\t\t<div class=\"elementor-gallery-item__overlay\"><\/div>\n\t\t\t\t\t\t\t\t\t\t\t\t\t\t\t<div class=\"elementor-gallery-item__content\">\n\t\t\t\t\t\t\t\t\t\t\t\t\t\t<div class=\"elementor-gallery-item__description\">\n\t\t\t\t\t\t\t\t\t\t\t\t\t\t\t\t\t\tSeite 1\t\t\t\t\t\t\t\t<\/div>\n\t\t\t\t\t\t\t\t\t\t\t\t<\/div>\n\t\t\t\t\t\t\t\t\t<\/a>\n\t\t\t\t\t\t\t<a class=\"e-gallery-item elementor-gallery-item elementor-animated-content\" href=\"https:\/\/poloniaoberoesterreich.com\/wp-content\/uploads\/2022\/07\/legitymacja-czlonkowska_s_2.jpg\" data-elementor-open-lightbox=\"yes\" data-elementor-lightbox-slideshow=\"0cb3c69\" data-elementor-lightbox-title=\"legitymacja-czlonkowska_s_2\" data-elementor-lightbox-description=\"Strona 2\" data-e-action-hash=\"#elementor-action%3Aaction%3Dlightbox%26settings%3DeyJpZCI6MjE5NDcsInVybCI6Imh0dHBzOlwvXC9wb2xvbmlhb2Jlcm9lc3RlcnJlaWNoLmNvbVwvd3AtY29udGVudFwvdXBsb2Fkc1wvMjAyMlwvMDdcL2xlZ2l0eW1hY2phLWN6bG9ua293c2thX3NfMi5qcGciLCJzbGlkZXNob3ciOiIwY2IzYzY5In0%3D\">\n\t\t\t\t\t<div class=\"e-gallery-image elementor-gallery-item__image\" data-thumbnail=\"https:\/\/poloniaoberoesterreich.com\/wp-content\/uploads\/2022\/07\/legitymacja-czlonkowska_s_2.jpg\" data-width=\"1004\" data-height=\"656\" aria-label=\"\" role=\"img\" ><\/div>\n\t\t\t\t\t\t\t\t\t\t\t<div class=\"elementor-gallery-item__overlay\"><\/div>\n\t\t\t\t\t\t\t\t\t\t\t\t\t\t\t<div class=\"elementor-gallery-item__content\">\n\t\t\t\t\t\t\t\t\t\t\t\t\t\t<div class=\"elementor-gallery-item__description\">\n\t\t\t\t\t\t\t\t\t\t\t\t\t\t\t\t\t\tSeite 2\t\t\t\t\t\t\t\t<\/div>\n\t\t\t\t\t\t\t\t\t\t\t\t<\/div>\n\t\t\t\t\t\t\t\t\t<\/a>\n\t\t\t\t\t<\/div>\n\t\t\t\t\t<\/div>\n\t\t\t\t\t<\/div>\n\t\t<\/div>\n\t\t\t\t\t<\/div>\n\t\t<\/section>\n\t\t\t\t<\/div>","protected":false},"excerpt":{"rendered":"<p>Wsp\u00f3lnota Polak\u00f3w w G\u00f3rnej Austrii Cz\u0142onkostwo w WPwGA nie zobowi\u0105zuje do op\u0142acania sk\u0142adek cz\u0142onkowskich, lecz jest po\u015bwiadczeniem przynale\u017cno\u015bci do naszej organizacji polonijnej. Jednak tym z Pa\u0144stwa, kt\u00f3rzy mieliby \u017cyczenie wspom\u00f3c finansowo nasz\u0105 dzia\u0142alno\u015b\u0107 polonijn\u0105,\u00a0 serdecznie dzi\u0119kujemy i prosimy o wp\u0142at\u0119 pieni\u0119\u017cn\u0105 \u00a0na poni\u017cej podane konto bankowe. Konto bankowe:Allgemeine Sparkasse Ober\u00f6sterreich Bank AG 4020 Linz, Landstr. &#8230; <a title=\"Mitgliedschaft\" class=\"read-more\" href=\"https:\/\/poloniaoberoesterreich.com\/de\/mitgliedschaft\/\" aria-label=\"Read more about Cz\u0142onkostwo\">Mehr lesen<\/a><\/p>","protected":false},"author":1,"featured_media":0,"parent":0,"menu_order":0,"comment_status":"closed","ping_status":"closed","template":"elementor_header_footer","meta":{"_seopress_robots_primary_cat":"","_seopress_titles_title":"","_seopress_titles_desc":"","_seopress_robots_index":"","ngg_post_thumbnail":0,"footnotes":""},"class_list":["post-686","page","type-page","status-publish"],"_links":{"self":[{"href":"https:\/\/poloniaoberoesterreich.com\/de\/wp-json\/wp\/v2\/pages\/686","targetHints":{"allow":["GET"]}}],"collection":[{"href":"https:\/\/poloniaoberoesterreich.com\/de\/wp-json\/wp\/v2\/pages"}],"about":[{"href":"https:\/\/poloniaoberoesterreich.com\/de\/wp-json\/wp\/v2\/types\/page"}],"author":[{"embeddable":true,"href":"https:\/\/poloniaoberoesterreich.com\/de\/wp-json\/wp\/v2\/users\/1"}],"replies":[{"embeddable":true,"href":"https:\/\/poloniaoberoesterreich.com\/de\/wp-json\/wp\/v2\/comments?post=686"}],"version-history":[{"count":0,"href":"https:\/\/poloniaoberoesterreich.com\/de\/wp-json\/wp\/v2\/pages\/686\/revisions"}],"wp:attachment":[{"href":"https:\/\/poloniaoberoesterreich.com\/de\/wp-json\/wp\/v2\/media?parent=686"}],"curies":[{"name":"wp","href":"https:\/\/api.w.org\/{rel}","templated":true}]}}