{"id":711,"date":"2022-07-27T12:31:05","date_gmt":"2022-07-27T10:31:05","guid":{"rendered":"https:\/\/poloniaoberoesterreich.com\/?page_id=711"},"modified":"2024-09-23T14:33:56","modified_gmt":"2024-09-23T12:33:56","slug":"impressum","status":"publish","type":"page","link":"https:\/\/poloniaoberoesterreich.com\/de\/impressum\/","title":{"rendered":"Impressum"},"content":{"rendered":"<div data-elementor-type=\"wp-page\" data-elementor-id=\"711\" class=\"elementor elementor-711\" data-elementor-post-type=\"page\">\n\t\t\t\t\t\t<section class=\"elementor-section elementor-top-section elementor-element elementor-element-472e5beb elementor-section-boxed elementor-section-height-default elementor-section-height-default\" data-id=\"472e5beb\" data-element_type=\"section\">\n\t\t\t\t\t\t<div class=\"elementor-container elementor-column-gap-default\">\n\t\t\t\t\t<div class=\"elementor-column elementor-col-100 elementor-top-column elementor-element elementor-element-d1d5743\" data-id=\"d1d5743\" data-element_type=\"column\" data-settings=\"{&quot;background_background&quot;:&quot;classic&quot;}\">\n\t\t\t<div class=\"elementor-widget-wrap elementor-element-populated\">\n\t\t\t\t\t\t\t<\/div>\n\t\t<\/div>\n\t\t\t\t\t<\/div>\n\t\t<\/section>\n\t\t\t\t<section class=\"elementor-section elementor-top-section elementor-element elementor-element-55aecdb elementor-section-boxed elementor-section-height-default elementor-section-height-default\" data-id=\"55aecdb\" data-element_type=\"section\">\n\t\t\t\t\t\t<div class=\"elementor-container elementor-column-gap-default\">\n\t\t\t\t\t<div class=\"elementor-column elementor-col-100 elementor-top-column elementor-element elementor-element-4dcedf5\" data-id=\"4dcedf5\" data-element_type=\"column\" data-settings=\"{&quot;background_background&quot;:&quot;classic&quot;}\">\n\t\t\t<div class=\"elementor-widget-wrap elementor-element-populated\">\n\t\t\t\t\t\t<div class=\"elementor-element elementor-element-e3870d4 elementor-widget elementor-widget-heading\" data-id=\"e3870d4\" data-element_type=\"widget\" data-widget_type=\"heading.default\">\n\t\t\t\t\t<h3 class=\"elementor-heading-title elementor-size-default\">Kontakt<\/h3>\t\t\t\t<\/div>\n\t\t\t\t<div class=\"elementor-element elementor-element-d417d2f elementor-widget elementor-widget-text-editor\" data-id=\"d417d2f\" data-element_type=\"widget\" data-widget_type=\"text-editor.default\">\n\t\t\t\t\t\t\t\t\t<p><strong>Gemeinschaft der Polen in O\u00d6<\/strong><\/p><p>Hafenstra\u00dfe 4<\/p><p>4020 Linz<\/p><p>Tel. Mobil: +43 (0) 650\/9045133<\/p><p>https:\/\/www.poloniaoberoesterreich.com<\/p><p><a href=\"mailto:office@poloniaoberoesterreich.com\">office@poloniaoberoesterreich.com<\/a><\/p><p>ZVR-Zahl: 605 528 527<\/p><p>Vertreten durch Julian Gaborek<\/p>\t\t\t\t\t\t\t\t<\/div>\n\t\t\t\t<div class=\"elementor-element elementor-element-4476c62 elementor-widget elementor-widget-heading\" data-id=\"4476c62\" data-element_type=\"widget\" data-widget_type=\"heading.default\">\n\t\t\t\t\t<h3 class=\"elementor-heading-title elementor-size-default\">Vereinsinhalt<\/h3>\t\t\t\t<\/div>\n\t\t\t\t<div class=\"elementor-element elementor-element-6251495 elementor-widget elementor-widget-text-editor\" data-id=\"6251495\" data-element_type=\"widget\" data-widget_type=\"text-editor.default\">\n\t\t\t\t\t\t\t\t\t<p>Am 22. Juli 2008 wurde der Verein der Gemeinschaft der Polen in Ober\u00f6sterreich ins Leben gerufen. Initiator der Entstehung unserer Organisation war Herr Julian Gaborek, der seitdem ihr Obmann ist.<\/p><p>Das Hauptziel ist, dass die in Ober\u00f6sterreich wohnenden Landsleute als Mitglieder ein kr\u00e4ftiges Lebenszeichen geben, um den Kontakt mit ihrer Heimat nicht abrei\u00dfen zu lassen. Das reichhaltige Programm umfasst gemeinsame Begegnungen, welche au\u00dferdem Gelegenheit bieten, sich mit der polnischen Geschichte, der Literatur und der Musik n\u00e4her bekannt zu machen. Den Organisatoren liegt sehr das Engagement auch der Jugend am Herzen, deshalb ermuntern wir alle jungen und jung gebliebenen Interessierten zu reger Teilnahme an den geplanten Veranstaltungen, damit sie auch die patriotischen Ideale, die Muttersprache und die polnischen Br\u00e4uche besser kennen lernen. Die WPwGA hat ein breites Angebot an Sport- und Freizeitveranstaltungen im Programm, und l\u00e4dt auf diese Weise das hiesige Umfeld der Polonia zu aktiver Teilnahme ein. Innerhalb der \u201eGemeinschaft\u201c besteht das Kinderensemble \u201eOberek\u201c, das polnische Radio in Ober\u00f6sterreich\u201c, welches jeden Sonntag um 12:00 Sendungen ausstrahlt, sowie der Sportklub \u201eAdler\u201c<\/p><p>Ein Fixpunkt im Programm ist jedes Jahr im Juni ein Treffen der Polonia, verbunden mit Spielen und einem kulturellen Teil. Mit gro\u00dfem Elan und dem Hintergedanken, auch Landsleute aus ganz Europa zur Teilnahme zu animieren, gehen die Organisatoren ans Werk.<\/p><p>\u201eDer Verein ist Mitglied der ASK\u00d6\u201d<\/p>\t\t\t\t\t\t\t\t<\/div>\n\t\t\t\t<div class=\"elementor-element elementor-element-581e566 elementor-widget elementor-widget-heading\" data-id=\"581e566\" data-element_type=\"widget\" data-widget_type=\"heading.default\">\n\t\t\t\t\t<h2 class=\"elementor-heading-title elementor-size-default\">Disclaimer \u2013 rechtliche Hinweise<\/h2>\t\t\t\t<\/div>\n\t\t\t\t<div class=\"elementor-element elementor-element-c9a82af elementor-widget elementor-widget-heading\" data-id=\"c9a82af\" data-element_type=\"widget\" data-widget_type=\"heading.default\">\n\t\t\t\t\t<h3 class=\"elementor-heading-title elementor-size-default\">1. Haftungsbeschr\u00e4nkung<\/h3>\t\t\t\t<\/div>\n\t\t\t\t<div class=\"elementor-element elementor-element-2950da8 elementor-widget elementor-widget-text-editor\" data-id=\"2950da8\" data-element_type=\"widget\" data-widget_type=\"text-editor.default\">\n\t\t\t\t\t\t\t\t\t<p>Die Inhalte des Internetauftritts wurden mit gr\u00f6\u00dftm\u00f6glicher Sorgfalt und nach bestem Gewissen erstellt. Dennoch \u00fcbernimmt der Anbieter dieser Webseite keine Gew\u00e4hr f\u00fcr die Aktualit\u00e4t, Vollst\u00e4ndigkeit und Richtigkeit der bereitgestellten Seiten und Inhalte.<\/p><p>Als Diensteanbieter ist der Anbieter dieser Webseite f\u00fcr eigene Inhalte und bereitgestellte Informationen auf diesen Seiten nach den allgemeinen Gesetzen verantwortlich, jedoch nicht verpflichtet, die \u00fcbermittelten oder gespeicherten fremden Informationen zu \u00fcberwachen. Eine Entfernung oder Sperrung dieser Inhalte erfolgt umgehend ab dem Zeitpunkt der Kenntnis einer konkreten Rechtsverletzung. Eine Haftung ist erst ab dem Zeitpunkt der Kenntniserlangung m\u00f6glich.<\/p>\t\t\t\t\t\t\t\t<\/div>\n\t\t\t\t<div class=\"elementor-element elementor-element-0b1635c elementor-widget elementor-widget-heading\" data-id=\"0b1635c\" data-element_type=\"widget\" data-widget_type=\"heading.default\">\n\t\t\t\t\t<h3 class=\"elementor-heading-title elementor-size-default\">2. Externe Links<\/h3>\t\t\t\t<\/div>\n\t\t\t\t<div class=\"elementor-element elementor-element-3423650 elementor-widget elementor-widget-text-editor\" data-id=\"3423650\" data-element_type=\"widget\" data-widget_type=\"text-editor.default\">\n\t\t\t\t\t\t\t\t\t<p>Die Webseite enth\u00e4lt sog. \u201eexterne Links\u201c (Verlinkungen) zu anderen Webseiten, auf deren Inhalt der Anbieter der Webseite keinen Einfluss hat. Aus diesem Grund kann der Anbieter f\u00fcr diese Inhalte auch keine Gew\u00e4hr \u00fcbernehmen.<\/p><p>F\u00fcr die Inhalte und Richtigkeit der bereitgestellten Informationen ist der jeweilige Anbieter der verlinkten Webseite verantwortlich. Zum Zeitpunkt der Verlinkung waren keine Rechtsverst\u00f6\u00dfe erkennbar. Bei Bekanntwerden einer solchen Rechtsverletzung wird der Link umgehend entfernen.<\/p>\t\t\t\t\t\t\t\t<\/div>\n\t\t\t\t<div class=\"elementor-element elementor-element-e04e5e8 elementor-widget elementor-widget-heading\" data-id=\"e04e5e8\" data-element_type=\"widget\" data-widget_type=\"heading.default\">\n\t\t\t\t\t<h3 class=\"elementor-heading-title elementor-size-default\">3. Urheberrecht\/Leistungsschutzrecht<\/h3>\t\t\t\t<\/div>\n\t\t\t\t<div class=\"elementor-element elementor-element-e8fef19 elementor-widget elementor-widget-text-editor\" data-id=\"e8fef19\" data-element_type=\"widget\" data-widget_type=\"text-editor.default\">\n\t\t\t\t\t\t\t\t\t<p>Die auf dieser Webseite ver\u00f6ffentlichten Inhalte, Werke und bereitgestellten Informationen unterliegen dem \u00f6sterreichischem Urheberrecht. Jede Art der Vervielf\u00e4ltigung, Bearbeitung, Verbreitung, Einspeicherung und jede Art der Verwertung au\u00dferhalb der Grenzen des Urheberrechts bedarf der vorherigen schriftlichen Zustimmung des jeweiligen Rechteinhabers. Das unerlaubte Kopieren\/Speichern der bereitgestellten Informationen auf diesen Webseiten ist nicht gestattet und strafbar.<\/p>\t\t\t\t\t\t\t\t<\/div>\n\t\t\t\t<div class=\"elementor-element elementor-element-3e7a7c2 elementor-widget elementor-widget-heading\" data-id=\"3e7a7c2\" data-element_type=\"widget\" data-widget_type=\"heading.default\">\n\t\t\t\t\t<h3 class=\"elementor-heading-title elementor-size-default\">4. Datenschutz<\/h3>\t\t\t\t<\/div>\n\t\t\t\t<div class=\"elementor-element elementor-element-ba61e43 elementor-widget elementor-widget-text-editor\" data-id=\"ba61e43\" data-element_type=\"widget\" data-widget_type=\"text-editor.default\">\n\t\t\t\t\t\t\t\t\t<p>Durch den Besuch des Internetauftritts k\u00f6nnen Informationen (Datum, Uhrzeit, aufgerufene Seite) \u00fcber den Zugriff auf dem Server gespeichert werden. Es werden keine personenbezogenenen (z. B. Name, Anschrift oder E-Mail-Adresse) Daten, gespeichert.<\/p><p>Sofern personenbezogene Daten erhoben werden, erfolgt dies, sofern m\u00f6glich, nur mit dem vorherigen Einverst\u00e4ndnis des Nutzers der Webseite. Eine Weitergabe der Daten an Dritte findet ohne ausdr\u00fcckliche Zustimmung des Nutzers nicht statt.<\/p><p>Der Anbieter weist darauf hin, dass die \u00dcbertragung von Daten im Internet (z. B. per E-Mail) Sicherheitsl\u00fccken aufweisen und ein l\u00fcckenloser Schutz der Daten vor dem Zugriff Dritter nicht gew\u00e4hrleistet werden kann. Der Anbieter \u00fcbernimmt keine Haftung f\u00fcr die durch solche Sicherheitsl\u00fccken entstandenen Sch\u00e4den.<\/p><p>Der Verwendung der Kontaktdaten durch Dritte zur gewerblichen Nutzung wird ausdr\u00fccklich widersprochen. Es sei denn, der Anbieter hat zuvor seine schriftliche Einwilligung erteilt.<\/p><p>Der Anbieter beh\u00e4lt sich rechtliche Schritte f\u00fcr den Fall der unverlangten Zusendung von Werbeinformationen, z. B. durch Spam-Mails, vor.<\/p>\t\t\t\t\t\t\t\t<\/div>\n\t\t\t\t\t<\/div>\n\t\t<\/div>\n\t\t\t\t\t<\/div>\n\t\t<\/section>\n\t\t\t\t<\/div>","protected":false},"excerpt":{"rendered":"<p>Kontakt Wsp\u00f3lnota Polak\u00f3w w G\u00f3rnej Austrii Hafenstra\u00dfe 4 4020 Linz Tel. kom.: +43 (0) 650\/9045133 https:\/\/www.poloniaoberoesterreich.com office@poloniaoberoesterreich.com ZVR-Zahl: 605528527 Reprezentowana przez Juliana Gaborka Informacje o stowarzyszeniu W dniu 22 lipca 2008 roku powsta\u0142o Stowarzyszenie Wsp\u00f3lnota Polak\u00f3w w G\u00f3rnej Austrii. Inicjatorem powstania naszej organizacji by\u0142 pan Julian Gaborek, kt\u00f3ry od tego czasu jest jej prezesem. G\u0142\u00f3wnym &#8230; <a title=\"Impressum\" class=\"read-more\" href=\"https:\/\/poloniaoberoesterreich.com\/de\/impressum\/\" aria-label=\"Read more about Impressum\">Mehr lesen<\/a><\/p>","protected":false},"author":1,"featured_media":0,"parent":0,"menu_order":0,"comment_status":"closed","ping_status":"closed","template":"elementor_header_footer","meta":{"_seopress_robots_primary_cat":"","_seopress_titles_title":"","_seopress_titles_desc":"","_seopress_robots_index":"yes","ngg_post_thumbnail":0,"footnotes":""},"class_list":["post-711","page","type-page","status-publish"],"_links":{"self":[{"href":"https:\/\/poloniaoberoesterreich.com\/de\/wp-json\/wp\/v2\/pages\/711","targetHints":{"allow":["GET"]}}],"collection":[{"href":"https:\/\/poloniaoberoesterreich.com\/de\/wp-json\/wp\/v2\/pages"}],"about":[{"href":"https:\/\/poloniaoberoesterreich.com\/de\/wp-json\/wp\/v2\/types\/page"}],"author":[{"embeddable":true,"href":"https:\/\/poloniaoberoesterreich.com\/de\/wp-json\/wp\/v2\/users\/1"}],"replies":[{"embeddable":true,"href":"https:\/\/poloniaoberoesterreich.com\/de\/wp-json\/wp\/v2\/comments?post=711"}],"version-history":[{"count":0,"href":"https:\/\/poloniaoberoesterreich.com\/de\/wp-json\/wp\/v2\/pages\/711\/revisions"}],"wp:attachment":[{"href":"https:\/\/poloniaoberoesterreich.com\/de\/wp-json\/wp\/v2\/media?parent=711"}],"curies":[{"name":"wp","href":"https:\/\/api.w.org\/{rel}","templated":true}]}}